{"id":10,"date":"2022-04-12T09:49:51","date_gmt":"2022-04-12T09:49:51","guid":{"rendered":"https:\/\/millagumruk.com\/tr\/?page_id=10"},"modified":"2022-07-27T17:26:59","modified_gmt":"2022-07-27T17:26:59","slug":"contact","status":"publish","type":"page","link":"https:\/\/millagumruk.com\/tr\/contact\/","title":{"rendered":"\u0130leti\u015fim"},"content":{"rendered":"<div style=\"margin-top: 0px; margin-bottom: 0px;\" class=\"sharethis-inline-follow-buttons\" ><\/div><div class=\"wp-block-image is-style-rounded\">\n<figure class=\"aligncenter size-full is-resized\"><img loading=\"lazy\" decoding=\"async\" src=\"https:\/\/i0.wp.com\/millagumruk.com\/tr\/wp-content\/uploads\/2022\/05\/depositphotos_29165825-stock-photo-website-contact-us-icons-on.jpg?resize=520%2C251&#038;ssl=1\" alt=\"\" class=\"wp-image-600\" width=\"520\" height=\"251\" srcset=\"https:\/\/i0.wp.com\/millagumruk.com\/tr\/wp-content\/uploads\/2022\/05\/depositphotos_29165825-stock-photo-website-contact-us-icons-on.jpg?w=600&amp;ssl=1 600w, https:\/\/i0.wp.com\/millagumruk.com\/tr\/wp-content\/uploads\/2022\/05\/depositphotos_29165825-stock-photo-website-contact-us-icons-on.jpg?resize=300%2C145&amp;ssl=1 300w\" sizes=\"auto, (max-width: 520px) 100vw, 520px\" data-recalc-dims=\"1\" \/><\/figure>\n<\/div>\n\n\n<div class=\"wp-block-columns is-layout-flex wp-container-core-columns-is-layout-9d6595d7 wp-block-columns-is-layout-flex\">\n<div class=\"wp-block-column is-layout-flow wp-block-column-is-layout-flow\">\n<div class=\"wp-block-columns is-layout-flex wp-container-core-columns-is-layout-9d6595d7 wp-block-columns-is-layout-flex\">\n<div class=\"wp-block-column is-layout-flow wp-block-column-is-layout-flow\"><div class='fluentform fluentform_wrapper_2'><form data-form_id=\"2\" id=\"fluentform_2\" class=\"frm-fluent-form fluent_form_2 ff-el-form-top ff_form_instance_2_1 ff-form-loading\" data-form_instance=\"ff_form_instance_2_1\" method=\"POST\" ><p style=\"display: none !important;\" class=\"akismet-fields-container\" data-prefix=\"ak_\"><label>&#916;<textarea name=\"ak_hp_textarea\" cols=\"45\" rows=\"8\" maxlength=\"100\"><\/textarea><\/label><input type=\"hidden\" id=\"ak_js_1\" name=\"ak_js\" value=\"118\"\/><script type=\"text\/javascript\">\n\/* <![CDATA[ *\/\ndocument.getElementById( \"ak_js_1\" ).setAttribute( \"value\", ( new Date() ).getTime() );\n\/* ]]> *\/\n<\/script>\n<\/p><input type='hidden' name='__fluent_form_embded_post_id' value='10' \/><input type=\"hidden\" id=\"_fluentform_2_fluentformnonce\" name=\"_fluentform_2_fluentformnonce\" value=\"874e728a48\" \/><input type=\"hidden\" name=\"_wp_http_referer\" value=\"\/tr\/wp-json\/wp\/v2\/pages\/10\" \/><div class='ff-el-group ff-el-form-top'><div class='ff-el-input--label ff-el-is-required asterisk-right'><label for='ff_2_email'>E-Posta<\/label> <\/div><div class='ff-el-input--content'><input type=\"email\" name=\"email\" id=\"ff_2_email\" class=\"ff-el-form-control\" placeholder=\"Mail Adres\" data-name=\"email\" ><\/div><\/div><div data-type=\"name-element\" data-name=\"names\" class=\" ff-field_container ff-name-field-wrapper\" ><div class='ff-t-container'><div class='ff-t-cell '><div class='ff-el-group  ff-el-form-top'><div class='ff-el-input--label ff-el-is-required asterisk-right'><label for='ff_2_names_first_name_'>First Name<\/label> <\/div><div class='ff-el-input--content'><input type=\"text\" name=\"names[first_name]\" id=\"ff_2_names_first_name_\" class=\"ff-el-form-control\" placeholder=\"First Name\" ><\/div><\/div><\/div><div class='ff-t-cell '><div class='ff-el-group  ff-el-form-top'><div class='ff-el-input--label ff-el-is-required asterisk-right'><label for='ff_2_names_last_name_'>Soyisim<\/label> <\/div><div class='ff-el-input--content'><input type=\"text\" name=\"names[last_name]\" id=\"ff_2_names_last_name_\" class=\"ff-el-form-control\" placeholder=\"Last Name\" ><\/div><\/div><\/div><\/div><\/div><div class='ff-el-group ff-el-form-top'><div class='ff-el-input--label asterisk-right'><label for='ff_2_input_text'>Firma \u0130smi <\/label> <\/div><div class='ff-el-input--content'><input type=\"text\" name=\"input_text\" class=\"ff-el-form-control\" placeholder=\"Firma \u0130smi Yaz\u0131n\u0131z\" data-name=\"input_text\" id=\"ff_2_input_text\" ><\/div><\/div><div class='ff-el-group ff-el-form-top'><div class='ff-el-input--label ff-el-is-required asterisk-right'><label for='ff_2_numeric-field'>Telefon Numaras\u0131<\/label> <\/div><div class='ff-el-input--content'><input type=\"number\" name=\"numeric-field\" id=\"ff_2_numeric-field\" class=\"ff-el-form-control\" placeholder=\"Telefon Numaras\u0131\" data-name=\"numeric-field\" inputmode=\"numeric\" step=\"any\" ><\/div><\/div><div class='ff-el-group ff-el-form-top'><div class='ff-el-input--label asterisk-right'><label for='ff_2_country-list'>\u00dclke<\/label> <\/div><div class='ff-el-input--content'><select name=\"country-list\" id=\"ff_2_country-list\" class=\"ff-el-form-control\" placeholder=\"\u00dclke Se\u00e7iniz\" data-name=\"country-list\" ><option value=''>\u00dclke Se\u00e7iniz<\/option><option value='AF' >Afghanistan<\/option><option value='AX' >Aland Islands<\/option><option value='AL' >Albania<\/option><option value='DZ' >Algeria<\/option><option value='AS' >American Samoa<\/option><option value='AD' >Andorra<\/option><option value='AO' >Angola<\/option><option value='AI' >Anguilla<\/option><option value='AQ' >Antarctica<\/option><option value='AG' >Antigua and Barbuda<\/option><option value='AR' >Argentina<\/option><option value='AM' >Armenia<\/option><option value='AW' >Aruba<\/option><option value='AU' >Australia<\/option><option value='AT' >Austria<\/option><option value='AZ' >Azerbaijan<\/option><option value='BS' >Bahamas<\/option><option value='BH' >Bahrain<\/option><option value='BD' >Bangladesh<\/option><option value='BB' >Barbados<\/option><option value='BY' >Belarus<\/option><option value='PW' >Belau<\/option><option value='BE' >Belgium<\/option><option value='BZ' >Belize<\/option><option value='BJ' >Benin<\/option><option value='BM' >Bermuda<\/option><option value='BT' >Bhutan<\/option><option value='BO' >Bolivia<\/option><option value='BQ' >Bonaire, Saint Eustatius and Saba<\/option><option value='BA' >Bosnia and Herzegovina<\/option><option value='BW' >Botswana<\/option><option value='BV' >Bouvet Island<\/option><option value='BR' >Brazil<\/option><option value='IO' >British Indian Ocean Territory<\/option><option value='VG' >British Virgin Islands<\/option><option value='BN' >Brunei<\/option><option value='BG' >Bulgaria<\/option><option value='BF' >Burkina Faso<\/option><option value='BI' >Burundi<\/option><option value='KH' >Cambodia<\/option><option value='CM' >Cameroon<\/option><option value='CA' >Canada<\/option><option value='CV' >Cape Verde<\/option><option value='KY' >Cayman Islands<\/option><option value='CF' >Central African Republic<\/option><option value='TD' >Chad<\/option><option value='CL' >Chile<\/option><option value='CN' >China<\/option><option value='CX' >Christmas Island<\/option><option value='CC' >Cocos (Keeling) Islands<\/option><option value='CO' >Colombia<\/option><option value='KM' >Comoros<\/option><option value='CG' >Congo (Brazzaville)<\/option><option value='CD' >Congo (Kinshasa)<\/option><option value='CK' >Cook Islands<\/option><option value='CR' >Costa Rica<\/option><option value='HR' >Croatia<\/option><option value='CU' >Cuba<\/option><option value='CW' >Cura&ccedil;ao<\/option><option value='CY' >Cyprus<\/option><option value='CZ' >Czech Republic<\/option><option value='DK' >Denmark<\/option><option value='DJ' >Djibouti<\/option><option value='DM' >Dominica<\/option><option value='DO' >Dominican Republic<\/option><option value='EC' >Ecuador<\/option><option value='EG' >Egypt<\/option><option value='SV' >El Salvador<\/option><option value='GQ' >Equatorial Guinea<\/option><option value='ER' >Eritrea<\/option><option value='EE' >Estonia<\/option><option value='ET' >Ethiopia<\/option><option value='FK' >Falkland Islands<\/option><option value='FO' >Faroe Islands<\/option><option value='FJ' >Fiji<\/option><option value='FI' >Finland<\/option><option value='FR' >France<\/option><option value='GF' >French Guiana<\/option><option value='PF' >French Polynesia<\/option><option value='TF' >French Southern Territories<\/option><option value='GA' >Gabon<\/option><option value='GM' >Gambia<\/option><option value='GE' >Georgia<\/option><option value='DE' >Germany<\/option><option value='GH' >Ghana<\/option><option value='GI' >Gibraltar<\/option><option value='GR' >Greece<\/option><option value='GL' >Greenland<\/option><option value='GD' >Grenada<\/option><option value='GP' >Guadeloupe<\/option><option value='GU' >Guam<\/option><option value='GT' >Guatemala<\/option><option value='GG' >Guernsey<\/option><option value='GN' >Guinea<\/option><option value='GW' >Guinea-Bissau<\/option><option value='GY' >Guyana<\/option><option value='HT' >Haiti<\/option><option value='HM' >Heard Island and McDonald Islands<\/option><option value='HN' >Honduras<\/option><option value='HK' >Hong Kong<\/option><option value='HU' >Hungary<\/option><option value='IS' >Iceland<\/option><option value='IN' >India<\/option><option value='ID' >Indonesia<\/option><option value='IR' >Iran<\/option><option value='IQ' >Iraq<\/option><option value='IE' >Ireland<\/option><option value='IM' >Isle of Man<\/option><option value='IL' >Israel<\/option><option value='IT' >Italy<\/option><option value='CI' >Ivory Coast<\/option><option value='JM' >Jamaica<\/option><option value='JP' >Japan<\/option><option value='JE' >Jersey<\/option><option value='JO' >Jordan<\/option><option value='KZ' >Kazakhstan<\/option><option value='KE' >Kenya<\/option><option value='KI' >Kiribati<\/option><option value='XK' >Kosovo<\/option><option value='KW' >Kuwait<\/option><option value='KG' >Kyrgyzstan<\/option><option value='LA' >Laos<\/option><option value='LV' >Latvia<\/option><option value='LB' >Lebanon<\/option><option value='LS' >Lesotho<\/option><option value='LR' >Liberia<\/option><option value='LY' >Libya<\/option><option value='LI' >Liechtenstein<\/option><option value='LT' >Lithuania<\/option><option value='LU' >Luxembourg<\/option><option value='MO' >Macao S.A.R., China<\/option><option value='MK' >Macedonia<\/option><option value='MG' >Madagascar<\/option><option value='MW' >Malawi<\/option><option value='MY' >Malaysia<\/option><option value='MV' >Maldives<\/option><option value='ML' >Mali<\/option><option value='MT' >Malta<\/option><option value='MH' >Marshall Islands<\/option><option value='MQ' >Martinique<\/option><option value='MR' >Mauritania<\/option><option value='MU' >Mauritius<\/option><option value='YT' >Mayotte<\/option><option value='MX' >Mexico<\/option><option value='FM' >Micronesia<\/option><option value='MD' >Moldova<\/option><option value='MC' >Monaco<\/option><option value='MN' >Mongolia<\/option><option value='ME' >Montenegro<\/option><option value='MS' >Montserrat<\/option><option value='MA' >Morocco<\/option><option value='MZ' >Mozambique<\/option><option value='MM' >Myanmar<\/option><option value='NA' >Namibia<\/option><option value='NR' >Nauru<\/option><option value='NP' >Nepal<\/option><option value='NL' >Netherlands<\/option><option value='NC' >New Caledonia<\/option><option value='NZ' >New Zealand<\/option><option value='NI' >Nicaragua<\/option><option value='NE' >Niger<\/option><option value='NG' >Nigeria<\/option><option value='NU' >Niue<\/option><option value='NF' >Norfolk Island<\/option><option value='KP' >North Korea<\/option><option value='MP' >Northern Mariana Islands<\/option><option value='NO' >Norway<\/option><option value='OM' >Oman<\/option><option value='PK' >Pakistan<\/option><option value='PS' >Palestinian Territory<\/option><option value='PA' >Panama<\/option><option value='PG' >Papua New Guinea<\/option><option value='PY' >Paraguay<\/option><option value='PE' >Peru<\/option><option value='PH' >Philippines<\/option><option value='PN' >Pitcairn<\/option><option value='PL' >Poland<\/option><option value='PT' >Portugal<\/option><option value='PR' >Puerto Rico<\/option><option value='QA' >Qatar<\/option><option value='RE' >Reunion<\/option><option value='RO' >Romania<\/option><option value='RU' >Russia<\/option><option value='RW' >Rwanda<\/option><option value='ST' >S&atilde;o Tom&eacute; and Pr&iacute;ncipe<\/option><option value='BL' >Saint Barth&eacute;lemy<\/option><option value='SH' >Saint Helena<\/option><option value='KN' >Saint Kitts and Nevis<\/option><option value='LC' >Saint Lucia<\/option><option value='SX' >Saint Martin (Dutch part)<\/option><option value='MF' >Saint Martin (French part)<\/option><option value='PM' >Saint Pierre and Miquelon<\/option><option value='VC' >Saint Vincent and the Grenadines<\/option><option value='WS' >Samoa<\/option><option value='SM' >San Marino<\/option><option value='SA' >Saudi Arabia<\/option><option value='SN' >Senegal<\/option><option value='RS' >Serbia<\/option><option value='SC' >Seychelles<\/option><option value='SL' >Sierra Leone<\/option><option value='SG' >Singapore<\/option><option value='SK' >Slovakia<\/option><option value='SI' >Slovenia<\/option><option value='SB' >Solomon Islands<\/option><option value='SO' >Somalia<\/option><option value='ZA' >South Africa<\/option><option value='GS' >South Georgia\/Sandwich Islands<\/option><option value='KR' >South Korea<\/option><option value='SS' >South Sudan<\/option><option value='ES' >Spain<\/option><option value='LK' >Sri Lanka<\/option><option value='SD' >Sudan<\/option><option value='SR' >Suriname<\/option><option value='SJ' >Svalbard and Jan Mayen<\/option><option value='SZ' >Swaziland<\/option><option value='SE' >Sweden<\/option><option value='CH' >Switzerland<\/option><option value='SY' >Syria<\/option><option value='TW' >Taiwan<\/option><option value='TJ' >Tajikistan<\/option><option value='TZ' >Tanzania<\/option><option value='TH' >Thailand<\/option><option value='TL' >Timor-Leste<\/option><option value='TG' >Togo<\/option><option value='TK' >Tokelau<\/option><option value='TO' >Tonga<\/option><option value='TT' >Trinidad and Tobago<\/option><option value='TN' >Tunisia<\/option><option value='TR' >Turkey<\/option><option value='TM' >Turkmenistan<\/option><option value='TC' >Turks and Caicos Islands<\/option><option value='TV' >Tuvalu<\/option><option value='UG' >Uganda<\/option><option value='UA' >Ukraine<\/option><option value='AE' >United Arab Emirates<\/option><option value='GB' >United Kingdom (UK)<\/option><option value='US' >United States (US)<\/option><option value='UM' >United States (US) Minor Outlying Islands<\/option><option value='VI' >United States (US) Virgin Islands<\/option><option value='UY' >Uruguay<\/option><option value='UZ' >Uzbekistan<\/option><option value='VU' >Vanuatu<\/option><option value='VA' >Vatican<\/option><option value='VE' >Venezuela<\/option><option value='VN' >Vietnam<\/option><option value='WF' >Wallis and Futuna<\/option><option value='EH' >Western Sahara<\/option><option value='YE' >Yemen<\/option><option value='ZM' >Zambia<\/option><option value='ZW' >Zimbabwe<\/option><\/select><\/div><\/div><div class='ff-el-group ff-el-form-top'><div class='ff-el-input--label ff-el-is-required asterisk-right'><label for='ff_2_description'>A\u00e7\u0131klama<\/label> <\/div><div class='ff-el-input--content'><textarea name=\"description\" id=\"ff_2_description\" class=\"ff-el-form-control\" placeholder=\"L\u00fctfen A\u00e7\u0131klama i\u00e7eren metni yaz\u0131n\u0131z.\" rows=\"3\" cols=\"2\" data-name=\"description\" ><\/textarea><\/div><\/div><div class='ff-el-group ff-text-left ff_submit_btn_wrapper'><button type=\"submit\" class=\"ff-btn ff-btn-submit ff-btn-sm ff_btn_style\" >G\u00f6nder<\/button><\/div><\/form><div id='fluentform_2_errors' class='ff-errors-in-stack ff_form_instance_2_1 ff-form-loading_errors ff_form_instance_2_1_errors'><\/div><\/div>        <script type=\"text\/javascript\">\n            window.fluent_form_ff_form_instance_2_1 = {\"id\":\"2\",\"settings\":{\"layout\":{\"labelPlacement\":\"top\",\"helpMessagePlacement\":\"with_label\",\"errorMessagePlacement\":\"inline\",\"asteriskPlacement\":\"asterisk-right\"},\"restrictions\":{\"denyEmptySubmission\":{\"enabled\":false}}},\"form_instance\":\"ff_form_instance_2_1\",\"form_id_selector\":\"fluentform_2\",\"rules\":{\"email\":{\"required\":{\"value\":true,\"message\":\"L\\u00fctfen Mail Adresi Belirtiniz\"},\"email\":{\"value\":true,\"message\":\"Do\\u011frulanamayan Mail Adresi\"}},\"names[first_name]\":{\"required\":{\"value\":true,\"message\":\"This field is required\"}},\"names[middle_name]\":{\"required\":{\"value\":false,\"message\":\"This field is required\"}},\"names[last_name]\":{\"required\":{\"value\":true,\"message\":\"This field is required\"}},\"input_text\":{\"required\":{\"value\":false,\"message\":\"This field is required\"}},\"numeric-field\":{\"required\":{\"value\":true,\"message\":\"This field is required\"},\"numeric\":{\"value\":true,\"message\":\"This field must contain numeric value\"},\"min\":{\"value\":\"\",\"message\":\"Minimum value is \"},\"max\":{\"value\":\"\",\"message\":\"Maximum value is \"},\"digits\":{\"value\":\"\",\"message\":\"The number of digits has to be \"}},\"country-list\":{\"required\":{\"value\":false,\"message\":\"This field is required\"}},\"description\":{\"required\":{\"value\":true,\"message\":\"L\\u00fctfen A\\u00e7\\u0131klama Yaz\\u0131n\\u0131z.\"}}}};\n                    <\/script>\n        \n<\/div>\n\n\n\n<div class=\"wp-block-column is-layout-flow wp-block-column-is-layout-flow\">\n<iframe src=\"https:\/\/www.google.com\/maps\/embed?pb=!1m18!1m12!1m3!1d3011.7902489573717!2d28.83053721603071!3d40.98607357930298!2m3!1f0!2f0!3f0!3m2!1i1024!2i768!4f13.1!3m3!1m2!1s0x14caa3f5c02b8057%3A0x7941306d2afb1c41!2zTWlsbGEgR8O8bXLDvGsgTcO8xZ9hdmlybGnEn2kgQS7Fni4!5e0!3m2!1str!2str!4v1652880449075!5m2!1str!2str\" width=\"900\" height=\"600\" style=\"border:0;\" allowfullscreen=\"\" loading=\"lazy\" referrerpolicy=\"no-referrer-when-downgrade\"><\/iframe>\n<\/div>\n\n\n\n<div class=\"wp-block-column is-layout-flow wp-block-column-is-layout-flow\">\n<figure class=\"wp-block-table\"><table><tbody><tr><td><img decoding=\"async\" src=\"https:\/\/i0.wp.com\/www.oykugrup.com.tr\/resources\/files\/adres.png?w=640&#038;ssl=1\" alt=\"\" data-recalc-dims=\"1\"><\/td><td>Milla G\u00fcmr\u00fck M\u00fc\u015favirli\u011fi A.\u015e.<br>Ye\u015filk\u00f6y Mahallesi Atat\u00fcrk Caddesi D\u00fcnya Ticaret Merkezi A2 Blok No:10 Kat:3, D:No: 159, 34149 Bak\u0131rk\u00f6y\/\u0130stanbul<\/td><\/tr><tr><td><img decoding=\"async\" src=\"https:\/\/i0.wp.com\/www.oykugrup.com.tr\/resources\/files\/telefon.png?w=640&#038;ssl=1\" alt=\"\" data-recalc-dims=\"1\"><\/td><td><a href=\"tel:+902125909055\">+90 212 590 9055<\/a><br><a href=\"tel:+902125909056\">+90 212 590 9056<\/a><br><a href=\"tel:+902124656364\">+90 212 465 6364<\/a><\/td><\/tr><tr><td><img decoding=\"async\" src=\"https:\/\/i0.wp.com\/www.oykugrup.com.tr\/resources\/files\/mail.png?w=640&#038;ssl=1\" alt=\"\" data-recalc-dims=\"1\"><\/td><td><a href=\"mailto:info@millagumruk.com\" data-type=\"mailto\" data-id=\"mailto:info@millagumruk.com\">info@millagumruk.com<\/a><\/td><\/tr><\/tbody><\/table><\/figure>\n<\/div>\n<\/div>\n<\/div>\n<\/div>\n\n\n\n<div class=\"wp-block-columns is-layout-flex wp-container-core-columns-is-layout-9d6595d7 wp-block-columns-is-layout-flex\">\n<div class=\"wp-block-column is-vertically-aligned-center is-layout-flow wp-block-column-is-layout-flow\" style=\"flex-basis:100%\">\n<div class=\"wp-block-group\"><div class=\"wp-block-group__inner-container is-layout-flow wp-block-group-is-layout-flow\">\n<div class=\"wp-block-columns is-layout-flex wp-container-core-columns-is-layout-9d6595d7 wp-block-columns-is-layout-flex\">\n<div class=\"wp-block-column is-layout-flow wp-block-column-is-layout-flow\" style=\"flex-basis:100%\">\n<div class=\"wp-block-columns is-layout-flex wp-container-core-columns-is-layout-9d6595d7 wp-block-columns-is-layout-flex\"><\/div>\n<\/div>\n<\/div>\n<\/div><\/div>\n<\/div>\n<\/div>\n\n\n\n<p><\/p>\n<div style=\"margin-top: 0px; margin-bottom: 0px;\" class=\"sharethis-inline-follow-buttons\" ><\/div>","protected":false},"excerpt":{"rendered":"<p>Milla G\u00fcmr\u00fck M\u00fc\u015favirli\u011fi A.\u015e.Ye\u015filk\u00f6y Mahallesi Atat\u00fcrk Caddesi D\u00fcnya Ticaret Merkezi A2 Blok No:10 Kat:3, D:No: 159, 34149 Bak\u0131rk\u00f6y\/\u0130stanbul +90 212 590 9055+90 212 590 9056+90 212 465 6364 info@millagumruk.com<\/p>\n","protected":false},"author":1,"featured_media":0,"parent":0,"menu_order":0,"comment_status":"closed","ping_status":"closed","template":"","meta":{"footnotes":""},"class_list":["post-10","page","type-page","status-publish","hentry"],"jetpack-related-posts":[{"id":377,"url":"https:\/\/millagumruk.com\/tr\/377-2\/","url_meta":{"origin":10,"position":0},"title":"G\u00dcMR\u00dcK MEVZUATI","date":"9 May\u0131s 2022","format":false,"excerpt":"G\u00dcMR\u00dcK MEVZUATI \" Madde 1 \u2013 Bu Kanunun amac\u0131, T\u00fcrkiye Cumhuriyeti\u00a0G\u00fcmr\u00fck\u00a0B\u00f6lgesine giren ve \u00e7\u0131kan e\u015fyaya ve ta\u015f\u0131t ara\u00e7lar\u0131na uygulanacak\u00a0g\u00fcmr\u00fck\u00a0kurallar\u0131n\u0131 belirlemektir. Madde 2 \u2013 T\u00fcrkiye Cumhuriyeti\u00a0G\u00fcmr\u00fck\u00a0B\u00f6lgesi, T\u00fcrkiye Cumhuriyeti topraklar\u0131n\u0131 kapsar. T\u00fcrkiye kara sular\u0131, i\u00e7 sular\u0131 ve hava sahas\u0131\u00a0g\u00fcmr\u00fck\u00a0b\u00f6lgesine dahildir.\"","rel":"","context":"Benzer yaz\u0131","img":{"alt_text":"","src":"https:\/\/i0.wp.com\/millagumruk.com\/tr\/wp-content\/uploads\/2022\/05\/mevzuat.jpg?resize=350%2C200&ssl=1","width":350,"height":200},"classes":[]},{"id":173,"url":"https:\/\/millagumruk.com\/tr\/hizmetler-2\/","url_meta":{"origin":10,"position":1},"title":"H\u0130ZMETLER","date":"13 Nisan 2022","format":false,"excerpt":"","rel":"","context":"Benzer yaz\u0131","img":{"alt_text":"","src":"","width":0,"height":0},"classes":[]},{"id":63,"url":"https:\/\/millagumruk.com\/tr\/kvkk\/","url_meta":{"origin":10,"position":2},"title":"KVKK","date":"12 Nisan 2022","format":false,"excerpt":"Ki\u015fisel Verilerin Korunmas\u0131 ve \u0130\u015flenmesi Politikas\u0131 Politika\u2019n\u0131n Amac\u0131 ve Kapsam\u0131 \u0130\u015fbu Ki\u015fisel Verilerin Korunmas\u0131 ve \u0130\u015flenmesi Politikas\u0131 (\u201cPolitika\u201d), Milla G\u00fcmr\u00fck M\u00fc\u015favirli\u011fi Ltd. \u015eti, Milla international Lojistik A\u015e, (\u201cMilla Grup\u201d veya \u201c\u015eirket\u201d) operasyonlar\u0131 kapsam\u0131nda ger\u00e7ekle\u015ftirdi\u011fi ki\u015fisel veri i\u015fleme faaliyetleri ve bu faaliyetler kapsam\u0131nda temel ald\u0131\u011f\u0131 kurallar ve prensipler b\u00fct\u00fcn\u00fc hakk\u0131nda bilgi\u2026","rel":"","context":"Benzer yaz\u0131","img":{"alt_text":"","src":"https:\/\/i0.wp.com\/millagumruk.com\/tr\/wp-content\/uploads\/2022\/05\/kvkk-yenilogo-610x380-1.png?resize=350%2C200&ssl=1","width":350,"height":200},"classes":[]}],"_links":{"self":[{"href":"https:\/\/millagumruk.com\/tr\/wp-json\/wp\/v2\/pages\/10","targetHints":{"allow":["GET"]}}],"collection":[{"href":"https:\/\/millagumruk.com\/tr\/wp-json\/wp\/v2\/pages"}],"about":[{"href":"https:\/\/millagumruk.com\/tr\/wp-json\/wp\/v2\/types\/page"}],"author":[{"embeddable":true,"href":"https:\/\/millagumruk.com\/tr\/wp-json\/wp\/v2\/users\/1"}],"replies":[{"embeddable":true,"href":"https:\/\/millagumruk.com\/tr\/wp-json\/wp\/v2\/comments?post=10"}],"version-history":[{"count":26,"href":"https:\/\/millagumruk.com\/tr\/wp-json\/wp\/v2\/pages\/10\/revisions"}],"predecessor-version":[{"id":928,"href":"https:\/\/millagumruk.com\/tr\/wp-json\/wp\/v2\/pages\/10\/revisions\/928"}],"wp:attachment":[{"href":"https:\/\/millagumruk.com\/tr\/wp-json\/wp\/v2\/media?parent=10"}],"curies":[{"name":"wp","href":"https:\/\/api.w.org\/{rel}","templated":true}]}}