{"id":173,"date":"2022-04-13T21:51:33","date_gmt":"2022-04-13T21:51:33","guid":{"rendered":"https:\/\/millagumruk.com\/tr\/?page_id=173"},"modified":"2022-04-13T21:51:33","modified_gmt":"2022-04-13T21:51:33","slug":"hizmetler-2","status":"publish","type":"page","link":"https:\/\/millagumruk.com\/tr\/hizmetler-2\/","title":{"rendered":"H\u0130ZMETLER"},"content":{"rendered":"<div style=\"margin-top: 0px; margin-bottom: 0px;\" class=\"sharethis-inline-follow-buttons\" ><\/div><div style=\"margin-top: 0px; margin-bottom: 0px;\" class=\"sharethis-inline-follow-buttons\" ><\/div>","protected":false},"excerpt":{"rendered":"","protected":false},"author":1,"featured_media":0,"parent":0,"menu_order":0,"comment_status":"closed","ping_status":"closed","template":"","meta":{"footnotes":""},"class_list":["post-173","page","type-page","status-publish","hentry"],"jetpack-related-posts":[{"id":55,"url":"https:\/\/millagumruk.com\/tr\/vizyon-misyon\/","url_meta":{"origin":173,"position":0},"title":"Vizyon &#038; Misyon","date":"12 Nisan 2022","format":false,"excerpt":"Vizyonumuz Milla G\u00fcmr\u00fck A.\u015e hizmet verdi\u011fi \u00e7\u00f6z\u00fcm ortaklar\u0131na modern, h\u0131zl\u0131 ve ekonomik hizmetlerimizle her t\u00fcrl\u00fc ticaret i\u015flemlerinizi deneyimli kadromuz ile \u00e7\u00f6z\u00fcme kavu\u015fturarak sekt\u00f6r\u00fcnde global bir g\u00fc\u00e7 olmay\u0131 kendisine hedef edinmi\u015ftir. Misyonumuz Konusunda uzman, gen\u00e7, dinamik tak\u0131m arkada\u015flar\u0131m\u0131z ve \u00e7\u00f6z\u00fcm ortaklar\u0131m\u0131zla beraber, birer \u00e7al\u0131\u015fma partneri olarak g\u00f6rd\u00fc\u011f\u00fcm\u00fcz firmalar\u0131m\u0131za istikrarl\u0131, d\u00fczenli, \u00f6zverili\u2026","rel":"","context":"Benzer yaz\u0131","img":{"alt_text":"","src":"https:\/\/i0.wp.com\/millagumruk.com\/tr\/wp-content\/uploads\/2022\/04\/650x344-misyon-ve-vizyon-arasindaki-fark-nedir-1486279908484.png?resize=350%2C200&ssl=1","width":350,"height":200},"classes":[]},{"id":183,"url":"https:\/\/millagumruk.com\/tr\/antrepo-gumruk-islemleri\/","url_meta":{"origin":173,"position":1},"title":"Antrepo G\u00fcmr\u00fck \u0130\u015flemleri","date":"13 Nisan 2022","format":false,"excerpt":"G\u00fcmr\u00fckl\u00fc antrepolarda ithalat veya transit i\u015flemleri ger\u00e7ekle\u015fene kadar e\u015fyalar\u0131n\u0131z\u0131, g\u00fcmr\u00fck vergileri \u00f6denmeksizin ve bir s\u00fcre s\u0131n\u0131r\u0131 olmaks\u0131z\u0131n bekletme imkan\u0131n\u0131z bulunmaktad\u0131r. \u00dcr\u00fcnlerinizin g\u00fcvenli bir \u015fekilde depolanmas\u0131, y\u00fckleme bo\u015faltma i\u015flemlerinin uzman ekibimiz g\u00f6zetiminde yap\u0131lmas\u0131, antrepolar\u0131m\u0131zda sundu\u011fumuz ba\u015fl\u0131ca hizmetlerdir. Antrepo i\u015flemleri hizmetlerimiz \u00dcr\u00fcnlerinize y\u00fckleme ve bo\u015faltma esnas\u0131nda refakat,E\u015fyan\u0131n do\u011fru ve g\u00fcvenli bir \u015fekilde\u2026","rel":"","context":"Benzer yaz\u0131","img":{"alt_text":"","src":"https:\/\/i0.wp.com\/millagumruk.com\/tr\/wp-content\/uploads\/2022\/04\/antrepo-nedir-antrepolarin-ozellikleri-1140X361-1.jpg?resize=350%2C200&ssl=1","width":350,"height":200},"classes":[]},{"id":63,"url":"https:\/\/millagumruk.com\/tr\/kvkk\/","url_meta":{"origin":173,"position":2},"title":"KVKK","date":"12 Nisan 2022","format":false,"excerpt":"Ki\u015fisel Verilerin Korunmas\u0131 ve \u0130\u015flenmesi Politikas\u0131 Politika\u2019n\u0131n Amac\u0131 ve Kapsam\u0131 \u0130\u015fbu Ki\u015fisel Verilerin Korunmas\u0131 ve \u0130\u015flenmesi Politikas\u0131 (\u201cPolitika\u201d), Milla G\u00fcmr\u00fck M\u00fc\u015favirli\u011fi Ltd. \u015eti, Milla international Lojistik A\u015e, (\u201cMilla Grup\u201d veya \u201c\u015eirket\u201d) operasyonlar\u0131 kapsam\u0131nda ger\u00e7ekle\u015ftirdi\u011fi ki\u015fisel veri i\u015fleme faaliyetleri ve bu faaliyetler kapsam\u0131nda temel ald\u0131\u011f\u0131 kurallar ve prensipler b\u00fct\u00fcn\u00fc hakk\u0131nda bilgi\u2026","rel":"","context":"Benzer yaz\u0131","img":{"alt_text":"","src":"https:\/\/i0.wp.com\/millagumruk.com\/tr\/wp-content\/uploads\/2022\/05\/kvkk-yenilogo-610x380-1.png?resize=350%2C200&ssl=1","width":350,"height":200},"classes":[]},{"id":3,"url":"https:\/\/millagumruk.com\/tr\/gizlilik\/","url_meta":{"origin":173,"position":3},"title":"Gizlilik politikas\u0131 sayfas\u0131","date":"12 Nisan 2022","format":false,"excerpt":"Gizlilik Politikas\u0131 Biz kimiz Web sitemizin adresi: https:\/\/millagumruk.com\/tr. Yorumlar Ziyaret\u00e7iler sitede yorum b\u0131rakt\u0131\u011f\u0131nda yorum formunda g\u00f6sterilen verileri ve ayr\u0131ca istenmeyen yorum tespitine yard\u0131mc\u0131 olmak i\u00e7in ziyaret\u00e7inin IP adresi ve taray\u0131c\u0131 bilgisi metnini de toplar\u0131z. E-posta adresinizden olu\u015fturulmu\u015f anonimle\u015ftirilmi\u015f bir metin (hash olarak da adland\u0131r\u0131l\u0131r) Gravatar hizmetine, servisi kullan\u0131p kullanmad\u0131\u011f\u0131n\u0131z\u0131 g\u00f6rmek\u2026","rel":"","context":"Benzer yaz\u0131","img":{"alt_text":"","src":"https:\/\/i0.wp.com\/millagumruk.com\/tr\/wp-content\/uploads\/2022\/05\/gizlilikpolitikasi720x300.jpg?resize=350%2C200&ssl=1","width":350,"height":200},"classes":[]}],"_links":{"self":[{"href":"https:\/\/millagumruk.com\/tr\/wp-json\/wp\/v2\/pages\/173","targetHints":{"allow":["GET"]}}],"collection":[{"href":"https:\/\/millagumruk.com\/tr\/wp-json\/wp\/v2\/pages"}],"about":[{"href":"https:\/\/millagumruk.com\/tr\/wp-json\/wp\/v2\/types\/page"}],"author":[{"embeddable":true,"href":"https:\/\/millagumruk.com\/tr\/wp-json\/wp\/v2\/users\/1"}],"replies":[{"embeddable":true,"href":"https:\/\/millagumruk.com\/tr\/wp-json\/wp\/v2\/comments?post=173"}],"version-history":[{"count":1,"href":"https:\/\/millagumruk.com\/tr\/wp-json\/wp\/v2\/pages\/173\/revisions"}],"predecessor-version":[{"id":174,"href":"https:\/\/millagumruk.com\/tr\/wp-json\/wp\/v2\/pages\/173\/revisions\/174"}],"wp:attachment":[{"href":"https:\/\/millagumruk.com\/tr\/wp-json\/wp\/v2\/media?parent=173"}],"curies":[{"name":"wp","href":"https:\/\/api.w.org\/{rel}","templated":true}]}}