{"id":183,"date":"2022-04-13T22:55:31","date_gmt":"2022-04-13T22:55:31","guid":{"rendered":"https:\/\/millagumruk.com\/tr\/?page_id=183"},"modified":"2022-05-24T13:52:51","modified_gmt":"2022-05-24T13:52:51","slug":"antrepo-gumruk-islemleri","status":"publish","type":"page","link":"https:\/\/millagumruk.com\/tr\/antrepo-gumruk-islemleri\/","title":{"rendered":"Antrepo G\u00fcmr\u00fck \u0130\u015flemleri"},"content":{"rendered":"<div style=\"margin-top: 0px; margin-bottom: 0px;\" class=\"sharethis-inline-follow-buttons\" ><\/div>\n<div class=\"wp-block-columns is-layout-flex wp-container-core-columns-is-layout-9d6595d7 wp-block-columns-is-layout-flex\">\n<div class=\"wp-block-column is-layout-flow wp-block-column-is-layout-flow\">\n<figure class=\"wp-block-image size-full is-resized is-style-rounded\"><img loading=\"lazy\" decoding=\"async\" src=\"https:\/\/i0.wp.com\/millagumruk.com\/tr\/wp-content\/uploads\/2022\/04\/antrepo-nedir-antrepolarin-ozellikleri-1140X361-1.jpg?resize=640%2C333&#038;ssl=1\" alt=\"\" class=\"wp-image-232\" width=\"640\" height=\"333\" srcset=\"https:\/\/i0.wp.com\/millagumruk.com\/tr\/wp-content\/uploads\/2022\/04\/antrepo-nedir-antrepolarin-ozellikleri-1140X361-1.jpg?w=695&amp;ssl=1 695w, https:\/\/i0.wp.com\/millagumruk.com\/tr\/wp-content\/uploads\/2022\/04\/antrepo-nedir-antrepolarin-ozellikleri-1140X361-1.jpg?resize=300%2C156&amp;ssl=1 300w\" sizes=\"auto, (max-width: 640px) 100vw, 640px\" data-recalc-dims=\"1\" \/><\/figure>\n<\/div>\n<\/div>\n\n\n\n<div class=\"wp-block-columns is-layout-flex wp-container-core-columns-is-layout-9d6595d7 wp-block-columns-is-layout-flex\">\n<div class=\"wp-block-column is-layout-flow wp-block-column-is-layout-flow\">\n<hr class=\"wp-block-separator\"\/>\n<\/div>\n<\/div>\n\n\n\n<p>G\u00fcmr\u00fckl\u00fc antrepolarda ithalat veya transit i\u015flemleri ger\u00e7ekle\u015fene kadar e\u015fyalar\u0131n\u0131z\u0131, g\u00fcmr\u00fck vergileri \u00f6denmeksizin ve bir s\u00fcre s\u0131n\u0131r\u0131 olmaks\u0131z\u0131n bekletme imkan\u0131n\u0131z bulunmaktad\u0131r. \u00dcr\u00fcnlerinizin g\u00fcvenli bir \u015fekilde depolanmas\u0131, y\u00fckleme bo\u015faltma i\u015flemlerinin uzman ekibimiz g\u00f6zetiminde yap\u0131lmas\u0131, antrepolar\u0131m\u0131zda sundu\u011fumuz ba\u015fl\u0131ca hizmetlerdir.<\/p>\n\n\n\n<h2 class=\"wp-block-heading\">Antrepo i\u015flemleri hizmetlerimiz<\/h2>\n\n\n\n<ul class=\"wp-block-list\"><li>\u00dcr\u00fcnlerinize y\u00fckleme ve bo\u015faltma esnas\u0131nda refakat,<\/li><li>E\u015fyan\u0131n do\u011fru ve g\u00fcvenli bir \u015fekilde istiflenmesinin sa\u011flanmas\u0131,<\/li><li>E\u015fyan\u0131n antrepo rejimi h\u00fck\u00fcmlerine g\u00f6re g\u00fcmr\u00fck i\u015flemlerinin takibi,<\/li><li>Mevzuat \u00e7er\u00e7evesinde antrepo i\u00e7erisinde yap\u0131labilecek elle\u00e7leme i\u015flemlerine y\u00f6nelik izinlerin temini, i\u015flemlerin yapt\u0131r\u0131lmas\u0131.<\/li><\/ul>\n<div style=\"margin-top: 0px; margin-bottom: 0px;\" class=\"sharethis-inline-follow-buttons\" ><\/div>","protected":false},"excerpt":{"rendered":"<p>G\u00fcmr\u00fckl\u00fc antrepolarda ithalat veya transit i\u015flemleri ger\u00e7ekle\u015fene kadar e\u015fyalar\u0131n\u0131z\u0131, g\u00fcmr\u00fck vergileri \u00f6denmeksizin ve bir s\u00fcre s\u0131n\u0131r\u0131 olmaks\u0131z\u0131n bekletme imkan\u0131n\u0131z bulunmaktad\u0131r. \u00dcr\u00fcnlerinizin g\u00fcvenli bir \u015fekilde depolanmas\u0131, y\u00fckleme bo\u015faltma i\u015flemlerinin uzman ekibimiz g\u00f6zetiminde yap\u0131lmas\u0131, antrepolar\u0131m\u0131zda sundu\u011fumuz ba\u015fl\u0131ca hizmetlerdir. Antrepo i\u015flemleri hizmetlerimiz \u00dcr\u00fcnlerinize y\u00fckleme ve bo\u015faltma esnas\u0131nda refakat, E\u015fyan\u0131n do\u011fru ve g\u00fcvenli bir \u015fekilde istiflenmesinin sa\u011flanmas\u0131, E\u015fyan\u0131n antrepo rejimi h\u00fck\u00fcmlerine g\u00f6re g\u00fcmr\u00fck i\u015flemlerinin takibi, Mevzuat \u00e7er\u00e7evesinde antrepo i\u00e7erisinde yap\u0131labilecek elle\u00e7leme i\u015flemlerine y\u00f6nelik izinlerin temini, i\u015flemlerin yapt\u0131r\u0131lmas\u0131.<\/p>\n","protected":false},"author":1,"featured_media":0,"parent":0,"menu_order":0,"comment_status":"closed","ping_status":"closed","template":"","meta":{"footnotes":""},"class_list":["post-183","page","type-page","status-publish","hentry"],"jetpack-related-posts":[{"id":177,"url":"https:\/\/millagumruk.com\/tr\/ihracat-gumruk-islemleri\/","url_meta":{"origin":183,"position":0},"title":"\u0130hracat G\u00fcmr\u00fck \u0130\u015flemleri","date":"13 Nisan 2022","format":false,"excerpt":"\u0130hracat G\u00fcmr\u00fck \u0130\u015flemleri \u0130hracat Rejimi, serbest dola\u015f\u0131mda bulunan e\u015fyan\u0131n ihra\u00e7 amac\u0131yla T\u00fcrkiye G\u00fcmr\u00fck B\u00f6lgesi d\u0131\u015f\u0131na \u00e7\u0131k\u0131\u015f\u0131na ili\u015fkin h\u00fck\u00fcmlerin uyguland\u0131\u011f\u0131 rejimdir. E\u015fyan\u0131n t\u00fcr\u00fcne g\u00f6re ilgili ihracat\u00e7\u0131 birliklerine \u00fcyelik i\u015flemlerinin yapt\u0131r\u0131lmas\u0131, Birlik tasdikinin al\u0131nmas\u0131,E\u015fya ile ilgili G.T.\u0130.P. tespiti,Ta\u015f\u0131maya konu ara\u00e7 g\u00fcmr\u00fck i\u015flemlerinin takibi,\u0130hra\u00e7 edilecek e\u015fyan\u0131n g\u00fcmr\u00fck beyannamesinin d\u00fczenlenmesi ve operasyonun tamamlanmas\u0131,Vesaiklerin nakliye\u2026","rel":"","context":"Benzer yaz\u0131","img":{"alt_text":"","src":"https:\/\/i0.wp.com\/millagumruk.com\/tr\/wp-content\/uploads\/2022\/04\/export.jpg?resize=350%2C200&ssl=1","width":350,"height":200},"classes":[]},{"id":53,"url":"https:\/\/millagumruk.com\/tr\/hakkimizda\/","url_meta":{"origin":183,"position":1},"title":"Hakk\u0131m\u0131zda","date":"12 Nisan 2022","format":false,"excerpt":"Hakk\u0131m\u0131zda M\u0130LLAG\u00dcMR\u00dcK A.\u015e ,b\u00fcnyesinde \u00e7al\u0131\u015ft\u0131rd\u0131\u011f\u0131 dinamik, deneyimli, bilgili ve tecr\u00fcbeli G\u00fcmr\u00fck M\u00fc\u015faviri, M\u00fc\u015favir Yard\u0131mc\u0131lar\u0131, stajyer personelleri ile, g\u00fc\u00e7l\u00fc teknolojik yat\u0131r\u0131mlar\u0131n\u0131 tamamlam\u0131\u015f inovasyona a\u00e7\u0131k bir \u015fekilde yenilikleri takip ederek otomasyon alt yap\u0131s\u0131n\u0131 g\u00fc\u00e7lendirmi\u015ftir. \u0130stanbul Merkezli g\u00fcmr\u00fck idarelerinde \u015fube ve irtibat ofisleri kanal\u0131 ile her t\u00fcrl\u00fc g\u00fcmr\u00fck i\u015flemlerini y\u00fcr\u00fctmektedir. \u0130\u015flemlerini y\u00fcr\u00fctt\u00fc\u011f\u00fcm\u00fcz firmalar\u0131m\u0131za\u2026","rel":"","context":"Benzer yaz\u0131","img":{"alt_text":"","src":"https:\/\/i0.wp.com\/millagumruk.com\/tr\/wp-content\/uploads\/2022\/04\/hakkimizda.jpg?resize=350%2C200&ssl=1","width":350,"height":200},"classes":[]},{"id":181,"url":"https:\/\/millagumruk.com\/tr\/transit-islemleri\/","url_meta":{"origin":183,"position":2},"title":"Transit \u0130\u015flemleri","date":"13 Nisan 2022","format":false,"excerpt":"Transit \u0130\u015flemleri Yurt d\u0131\u015f\u0131ndan gelip bir i\u00e7 g\u00fcmr\u00fc\u011fe veya tekrar yurt d\u0131\u015f\u0131na Transit Rejimi \u00e7er\u00e7evesinde sevk edilecek olan emtian\u0131n g\u00fcmr\u00fck ve limanlardaki i\u015flemleri, taraf\u0131m\u0131zdan takip edilerek sonu\u00e7land\u0131r\u0131l\u0131r. Talep do\u011frultusunda mal\u0131n G.T.\u0130.P tespitinin yap\u0131lmas\u0131,Gerekli g\u00f6r\u00fclen hallerde k\u00fc\u015fat yap\u0131lmas\u0131,Transit ve antrepo beyannamelerinin d\u00fczenlenmesi,Transit beyanlar\u0131 i\u00e7in gerekli teminatlar\u0131n tedarik edilmesi,E\u015fyan\u0131n, muayene ve tespitlerinin\u2026","rel":"","context":"Benzer yaz\u0131","img":{"alt_text":"","src":"https:\/\/i0.wp.com\/millagumruk.com\/tr\/wp-content\/uploads\/2022\/04\/hizmet_1-460x384-1.jpg?resize=350%2C200&ssl=1","width":350,"height":200},"classes":[]},{"id":179,"url":"https:\/\/millagumruk.com\/tr\/ithalat-gumruk-islemleri\/","url_meta":{"origin":183,"position":3},"title":"\u0130thalat G\u00fcmr\u00fck \u0130\u015flemleri","date":"13 Nisan 2022","format":false,"excerpt":"\u0130thalat G\u00fcmr\u00fck \u0130\u015flemleri M\u00fc\u015fterilerimizin ithalat s\u00fcre\u00e7lerini ba\u015ftan sona planlamakta, h\u0131zl\u0131, g\u00fcvenli ve sorunsuz bir \u015fekilde e\u015fyan\u0131z\u0131 teslim etmekteyiz. \u0130thalat s\u00fcre\u00e7leriniz, konusunda uzman temsilcileriniz arac\u0131l\u0131\u011f\u0131yla takip edilmektedir. \u00dcr\u00fcnlerin \u00fclkeye var\u0131\u015f\u0131ndan \u00f6nce kontrolleri yap\u0131larak, gerekli olan izinleri al\u0131nmakta, e\u015fya var\u0131\u015f\u0131na istinaden ortaya \u00e7\u0131kabilecek gecikmelerin \u00f6n\u00fcne ge\u00e7ilmektedir. Serbest Dola\u015f\u0131ma Giri\u015f, Ge\u00e7ici \u0130thalat, Dahilde\u2026","rel":"","context":"Benzer yaz\u0131","img":{"alt_text":"","src":"https:\/\/i0.wp.com\/millagumruk.com\/tr\/wp-content\/uploads\/2022\/04\/v7zqih4nbmppzoy50k4r.jpg?resize=350%2C200&ssl=1","width":350,"height":200},"classes":[]},{"id":260,"url":"https:\/\/millagumruk.com\/tr\/musteri-paneli-ve-gerekli-mevzuatlar\/","url_meta":{"origin":183,"position":4},"title":"Online \u0130\u015flemler","date":"26 Nisan 2022","format":false,"excerpt":"Online \u0130\u015flemler Firma Dosyas\u0131 Sorgulama VEDOP Sorgulama E-Mevzuat G\u00fcmr\u00fck Kanunu \u0130thalat Y\u00f6netmeli\u011fi \u0130hracat Y\u00f6netmeli\u011fi Ka\u00e7ak\u00e7\u0131l\u0131kla M\u00fccadele Kanunu Serbest B\u00f6lge Kanunu","rel":"","context":"Benzer yaz\u0131","img":{"alt_text":"","src":"https:\/\/i0.wp.com\/millagumruk.com\/tr\/wp-content\/uploads\/2022\/04\/teknoloji-neden-onemlidir-nasil-kullanilmali-fotograflar-5-gelgez-700x420-1.jpg?resize=350%2C200&ssl=1","width":350,"height":200},"classes":[]},{"id":55,"url":"https:\/\/millagumruk.com\/tr\/vizyon-misyon\/","url_meta":{"origin":183,"position":5},"title":"Vizyon &#038; Misyon","date":"12 Nisan 2022","format":false,"excerpt":"Vizyonumuz Milla G\u00fcmr\u00fck A.\u015e hizmet verdi\u011fi \u00e7\u00f6z\u00fcm ortaklar\u0131na modern, h\u0131zl\u0131 ve ekonomik hizmetlerimizle her t\u00fcrl\u00fc ticaret i\u015flemlerinizi deneyimli kadromuz ile \u00e7\u00f6z\u00fcme kavu\u015fturarak sekt\u00f6r\u00fcnde global bir g\u00fc\u00e7 olmay\u0131 kendisine hedef edinmi\u015ftir. Misyonumuz Konusunda uzman, gen\u00e7, dinamik tak\u0131m arkada\u015flar\u0131m\u0131z ve \u00e7\u00f6z\u00fcm ortaklar\u0131m\u0131zla beraber, birer \u00e7al\u0131\u015fma partneri olarak g\u00f6rd\u00fc\u011f\u00fcm\u00fcz firmalar\u0131m\u0131za istikrarl\u0131, d\u00fczenli, \u00f6zverili\u2026","rel":"","context":"Benzer yaz\u0131","img":{"alt_text":"","src":"https:\/\/i0.wp.com\/millagumruk.com\/tr\/wp-content\/uploads\/2022\/04\/650x344-misyon-ve-vizyon-arasindaki-fark-nedir-1486279908484.png?resize=350%2C200&ssl=1","width":350,"height":200},"classes":[]}],"_links":{"self":[{"href":"https:\/\/millagumruk.com\/tr\/wp-json\/wp\/v2\/pages\/183","targetHints":{"allow":["GET"]}}],"collection":[{"href":"https:\/\/millagumruk.com\/tr\/wp-json\/wp\/v2\/pages"}],"about":[{"href":"https:\/\/millagumruk.com\/tr\/wp-json\/wp\/v2\/types\/page"}],"author":[{"embeddable":true,"href":"https:\/\/millagumruk.com\/tr\/wp-json\/wp\/v2\/users\/1"}],"replies":[{"embeddable":true,"href":"https:\/\/millagumruk.com\/tr\/wp-json\/wp\/v2\/comments?post=183"}],"version-history":[{"count":5,"href":"https:\/\/millagumruk.com\/tr\/wp-json\/wp\/v2\/pages\/183\/revisions"}],"predecessor-version":[{"id":628,"href":"https:\/\/millagumruk.com\/tr\/wp-json\/wp\/v2\/pages\/183\/revisions\/628"}],"wp:attachment":[{"href":"https:\/\/millagumruk.com\/tr\/wp-json\/wp\/v2\/media?parent=183"}],"curies":[{"name":"wp","href":"https:\/\/api.w.org\/{rel}","templated":true}]}}