{"id":3,"date":"2022-04-12T09:43:50","date_gmt":"2022-04-12T09:43:50","guid":{"rendered":"https:\/\/millagumruk.com\/tr\/?page_id=3"},"modified":"2022-05-12T23:13:56","modified_gmt":"2022-05-12T23:13:56","slug":"gizlilik","status":"publish","type":"page","link":"https:\/\/millagumruk.com\/tr\/gizlilik\/","title":{"rendered":"Gizlilik politikas\u0131 sayfas\u0131"},"content":{"rendered":"<div style=\"margin-top: 0px; margin-bottom: 0px;\" class=\"sharethis-inline-follow-buttons\" ><\/div>\n<figure class=\"wp-block-image size-full is-style-rounded\"><img loading=\"lazy\" decoding=\"async\" width=\"640\" height=\"267\" src=\"https:\/\/i0.wp.com\/millagumruk.com\/tr\/wp-content\/uploads\/2022\/05\/gizlilikpolitikasi720x300.jpg?resize=640%2C267&#038;ssl=1\" alt=\"\" class=\"wp-image-523\" srcset=\"https:\/\/i0.wp.com\/millagumruk.com\/tr\/wp-content\/uploads\/2022\/05\/gizlilikpolitikasi720x300.jpg?w=720&amp;ssl=1 720w, https:\/\/i0.wp.com\/millagumruk.com\/tr\/wp-content\/uploads\/2022\/05\/gizlilikpolitikasi720x300.jpg?resize=300%2C125&amp;ssl=1 300w\" sizes=\"auto, (max-width: 640px) 100vw, 640px\" data-recalc-dims=\"1\" \/><figcaption>Gizlilik Politikas\u0131<\/figcaption><\/figure>\n\n\n\n<hr class=\"wp-block-separator\"\/>\n\n\n\n<h2 class=\"wp-block-heading\">Biz kimiz<\/h2>\n\n\n\n<p>Web sitemizin adresi: https:\/\/millagumruk.com\/tr.<\/p>\n\n\n\n<h2 class=\"wp-block-heading\">Yorumlar<\/h2>\n\n\n\n<p>Ziyaret\u00e7iler sitede yorum b\u0131rakt\u0131\u011f\u0131nda yorum formunda g\u00f6sterilen verileri ve ayr\u0131ca istenmeyen yorum tespitine yard\u0131mc\u0131 olmak i\u00e7in ziyaret\u00e7inin IP adresi ve taray\u0131c\u0131 bilgisi metnini de toplar\u0131z.<\/p>\n\n\n\n<p>E-posta adresinizden olu\u015fturulmu\u015f anonimle\u015ftirilmi\u015f bir metin (hash olarak da adland\u0131r\u0131l\u0131r) Gravatar hizmetine, servisi kullan\u0131p kullanmad\u0131\u011f\u0131n\u0131z\u0131 g\u00f6rmek i\u00e7in, sa\u011flanabilir. Gravatar servisinin gizlilik politikas\u0131 \u015fu adrestedir: https:\/\/automattic.com\/privacy\/. Yorumunuzun onaylanmas\u0131ndan sonra profil resminiz yorumunuzla birlikte herkese g\u00f6r\u00fcn\u00fcr.<\/p>\n\n\n\n<h2 class=\"wp-block-heading\">Ortam<\/h2>\n\n\n\n<p>G\u00f6rselleri web sitesine y\u00fcklerseniz, g\u00f6m\u00fclm\u00fc\u015f konum verileri (EXIF GPS) i\u00e7eren g\u00f6rseller y\u00fcklemekten ka\u00e7\u0131nmal\u0131s\u0131n\u0131z. Web sitesi ziyaret\u00e7ileri, web sitesindeki g\u00f6rsellerden herhangi bir konum bilgisini indirip \u00e7\u0131karabilir.<\/p>\n\n\n\n<h2 class=\"wp-block-heading\">\u00c7erezler<\/h2>\n\n\n\n<p>Sitemize bir yorum b\u0131rak\u0131rsan\u0131z, isminizi, e-posta adresinizi ve web sitenizi \u00e7erezlerde kaydetmeyi se\u00e7ebilirsiniz. Bunlar size kolayl\u0131k sa\u011flamak i\u00e7indir, b\u00f6ylece ba\u015fka bir yorum b\u0131rakt\u0131\u011f\u0131n\u0131zda bilgilerinizi tekrar doldurman\u0131z gerekmez. Bu \u00e7erezler bir y\u0131l s\u00fcresince kal\u0131r.<\/p>\n\n\n\n<p>E\u011fer giri\u015f sayfas\u0131m\u0131z\u0131 ziyaret ederseniz, taray\u0131c\u0131n\u0131z\u0131n \u00e7erezleri kabul edip etmedi\u011fini belirlemek i\u00e7in ge\u00e7ici bir \u00e7erez ayarlayaca\u011f\u0131z. Bu \u00e7erez hi\u00e7bir ki\u015fisel veri i\u00e7ermez ve taray\u0131c\u0131n\u0131z\u0131 kapatt\u0131\u011f\u0131n\u0131zda at\u0131l\u0131r.<\/p>\n\n\n\n<p>Giri\u015f yapt\u0131\u011f\u0131n\u0131zda, giri\u015f bilgilerinizi ve ekran g\u00f6r\u00fcnt\u00fcleme se\u00e7iminizi kaydetmek i\u00e7in birka\u00e7 \u00e7erez kaydedece\u011fiz. Giri\u015f \u00e7erezleri iki g\u00fcn ve ekran se\u00e7enekleri \u00e7erezleri bir y\u0131l boyunca kal\u0131r. &#8220;Beni hat\u0131rla&#8221; se\u00e7ene\u011fini se\u00e7ereniz, giri\u015finiz iki hafta boyunca devam eder. Hesab\u0131n\u0131zdan \u00e7\u0131k\u0131\u015f yaparsan\u0131z, giri\u015f \u00e7erezleri kald\u0131r\u0131lacakt\u0131r.<\/p>\n\n\n\n<p>Bir makaleyi d\u00fczenler veya yay\u0131nlarsan\u0131z taray\u0131c\u0131n\u0131za ek bir \u00e7erez kaydedilir. Bu \u00e7erez hi\u00e7bir ki\u015fisel veri i\u00e7ermez ve sadece d\u00fczenledi\u011finiz makalenin yaz\u0131 kimli\u011fini g\u00f6sterir. 1 g\u00fcn sonra zaman a\u015f\u0131m\u0131na u\u011frar.<\/p>\n\n\n\n<h2 class=\"wp-block-heading\">Di\u011fer sitelerden g\u00f6m\u00fclen i\u00e7erik<\/h2>\n\n\n\n<p>Bu sitedeki makaleler g\u00f6m\u00fcl\u00fc i\u00e7erik (\u00f6r. videolar, g\u00f6rseller, makaleler, vb.) I\u00e7erebilir. Di\u011fer web sitelerinden g\u00f6m\u00fclen i\u00e7erik, ziyaret\u00e7inin di\u011fer web sitesini ziyaret etmi\u015f gibi, tam olarak ayn\u0131 \u015fekilde davran\u0131r.<\/p>\n\n\n\n<p>Bu web siteleri sizin hakk\u0131n\u0131zda veri toplayabilir, \u00e7erez kullanabilir, \u00fc\u00e7\u00fcnc\u00fc taraf taraf\u0131ndan g\u00f6m\u00fclm\u00fc\u015f \u015feklide takip yapabilir ve bir hesab\u0131n\u0131z varsa ve bu web sitesinde oturum a\u00e7t\u0131ysan\u0131z, g\u00f6m\u00fclen i\u00e7erikle etkle\u015fiminizi takip etme dahil olmak \u00fczere, bu g\u00f6m\u00fclen i\u00e7erikle etkile\u015fiminizi izleyebilir.<\/p>\n\n\n\n<h2 class=\"wp-block-heading\">Verinizi kimlerle payla\u015f\u0131yoruz<\/h2>\n\n\n\n<p>Parola s\u0131f\u0131rlama iste\u011finde bulundu\u011funuzda, IP adresiniz s\u0131f\u0131rlama e-postas\u0131na eklenir.<\/p>\n\n\n\n<h2 class=\"wp-block-heading\">Verilerinizi ne kadar s\u00fcre tutar\u0131z<\/h2>\n\n\n\n<p>Bir yorum b\u0131rak\u0131rsan\u0131z, yorum ve meta verileri s\u00fcresiz olarak saklan\u0131r. B\u00f6ylece, takip eden yorumlar\u0131n\u0131z\u0131 denetim kuyru\u011funda tutmak yerine otomatik olarak tan\u0131yabilir ve onaylayabiliriz.<\/p>\n\n\n\n<p>Web sitemize kay\u0131t yapt\u0131ran kullan\u0131c\u0131lar i\u00e7in (varsa) kullan\u0131c\u0131 profilinde sa\u011flad\u0131klar\u0131 ki\u015fisel bilgileri de saklar\u0131z. T\u00fcm kullan\u0131c\u0131lar ki\u015fisel bilgilerini istedikleri zaman g\u00f6rebilir, d\u00fczenleyebilir veya silebilir (kullan\u0131c\u0131 ad\u0131 de\u011fi\u015ftirme hari\u00e7). Web sitesi y\u00f6neticileri de bu bilgileri g\u00f6rebilir ve d\u00fczenleyebilir.<\/p>\n\n\n\n<h2 class=\"wp-block-heading\">Verileriniz \u00fczerindeki haklar\u0131n\u0131z neler<\/h2>\n\n\n\n<p>Bu sitede bir hesab\u0131n\u0131z veya yorumlar\u0131n\u0131z varsa, bize sa\u011flad\u0131\u011f\u0131n\u0131z veriler dahil olmak \u00fczere, hakk\u0131n\u0131zda tuttu\u011fumuz ki\u015fisel verilerin d\u0131\u015fa aktar\u0131lm\u0131\u015f bir dosyas\u0131n\u0131 almay\u0131 isteyebilirsiniz. Ayr\u0131ca, hakk\u0131n\u0131zda tuttu\u011fumuz t\u00fcm ki\u015fisel verileri de silmeyi isteyebilirsiniz. Bu, idari, yasal veya g\u00fcvenlik ama\u00e7lar\u0131na uymak zorunda oldu\u011fumuz hi\u00e7bir veriyi i\u00e7ermez.<\/p>\n\n\n\n<h2 class=\"wp-block-heading\">Verinizi nereye g\u00f6nderiyoruz<\/h2>\n\n\n\n<p>Ziyaret\u00e7i yorumlar\u0131 otomatik istenmeyen yorum alg\u0131lama servisi arac\u0131l\u0131\u011f\u0131yla kontrol edilebilir.<\/p>\n<div style=\"margin-top: 0px; margin-bottom: 0px;\" class=\"sharethis-inline-follow-buttons\" ><\/div>","protected":false},"excerpt":{"rendered":"<p>Biz kimiz Web sitemizin adresi: https:\/\/millagumruk.com\/tr. Yorumlar Ziyaret\u00e7iler sitede yorum b\u0131rakt\u0131\u011f\u0131nda yorum formunda g\u00f6sterilen verileri ve ayr\u0131ca istenmeyen yorum tespitine yard\u0131mc\u0131 olmak i\u00e7in ziyaret\u00e7inin IP adresi ve taray\u0131c\u0131 bilgisi metnini de toplar\u0131z. E-posta adresinizden olu\u015fturulmu\u015f anonimle\u015ftirilmi\u015f bir metin (hash olarak da adland\u0131r\u0131l\u0131r) Gravatar hizmetine, servisi kullan\u0131p kullanmad\u0131\u011f\u0131n\u0131z\u0131 g\u00f6rmek i\u00e7in, sa\u011flanabilir. Gravatar servisinin gizlilik politikas\u0131 \u015fu adrestedir: https:\/\/automattic.com\/privacy\/. Yorumunuzun onaylanmas\u0131ndan sonra profil resminiz yorumunuzla birlikte herkese g\u00f6r\u00fcn\u00fcr. Ortam G\u00f6rselleri web sitesine y\u00fcklerseniz, g\u00f6m\u00fclm\u00fc\u015f konum verileri (EXIF GPS) i\u00e7eren g\u00f6rseller y\u00fcklemekten ka\u00e7\u0131nmal\u0131s\u0131n\u0131z. Web sitesi ziyaret\u00e7ileri, web sitesindeki g\u00f6rsellerden herhangi bir konum bilgisini indirip \u00e7\u0131karabilir. \u00c7erezler Sitemize bir yorum b\u0131rak\u0131rsan\u0131z, isminizi, e-posta adresinizi&hellip;<\/p>\n","protected":false},"author":1,"featured_media":0,"parent":0,"menu_order":0,"comment_status":"closed","ping_status":"closed","template":"","meta":{"footnotes":""},"class_list":["post-3","page","type-page","status-publish","hentry"],"jetpack-related-posts":[{"id":61,"url":"https:\/\/millagumruk.com\/tr\/web-sitesi-cerez-politikasi\/","url_meta":{"origin":3,"position":0},"title":"Web Sitesi \u00c7erez Politikas\u0131","date":"12 Nisan 2022","format":false,"excerpt":"I. \u00c7erez (Cookie) nedir? \u00c7erez bir internet sitesinin d\u00fczg\u00fcn bir \u015fekilde \u00e7al\u0131\u015fmas\u0131, kullan\u0131c\u0131 deneyiminin iyile\u015ftirilmesi, sitenin geli\u015ftirilmesi ve optimize edilmesi, daha uygun, ilgiye dayal\u0131 reklam sunma, ziyaret\u00e7iler i\u00e7in ilgi \u00e7ekici ve ki\u015fiselle\u015ftirilmi\u015f bir internet sitesi\/uygulama ve reklam portf\u00f6y\u00fc sunmak amac\u0131yla cihazlara (bilgisayar, ak\u0131ll\u0131 telefon, tablet) yerle\u015ftirilen k\u00fc\u00e7\u00fck veri par\u00e7ac\u0131klar\u0131d\u0131r. \u00c7erezler\u2026","rel":"","context":"Benzer yaz\u0131","img":{"alt_text":"","src":"https:\/\/i0.wp.com\/millagumruk.com\/tr\/wp-content\/uploads\/2022\/05\/MuslimWalk-Cerez-Politikasi-Nedir-Gizlilik.png?resize=350%2C200&ssl=1","width":350,"height":200},"classes":[]},{"id":63,"url":"https:\/\/millagumruk.com\/tr\/kvkk\/","url_meta":{"origin":3,"position":1},"title":"KVKK","date":"12 Nisan 2022","format":false,"excerpt":"Ki\u015fisel Verilerin Korunmas\u0131 ve \u0130\u015flenmesi Politikas\u0131 Politika\u2019n\u0131n Amac\u0131 ve Kapsam\u0131 \u0130\u015fbu Ki\u015fisel Verilerin Korunmas\u0131 ve \u0130\u015flenmesi Politikas\u0131 (\u201cPolitika\u201d), Milla G\u00fcmr\u00fck M\u00fc\u015favirli\u011fi Ltd. \u015eti, Milla international Lojistik A\u015e, (\u201cMilla Grup\u201d veya \u201c\u015eirket\u201d) operasyonlar\u0131 kapsam\u0131nda ger\u00e7ekle\u015ftirdi\u011fi ki\u015fisel veri i\u015fleme faaliyetleri ve bu faaliyetler kapsam\u0131nda temel ald\u0131\u011f\u0131 kurallar ve prensipler b\u00fct\u00fcn\u00fc hakk\u0131nda bilgi\u2026","rel":"","context":"Benzer yaz\u0131","img":{"alt_text":"","src":"https:\/\/i0.wp.com\/millagumruk.com\/tr\/wp-content\/uploads\/2022\/05\/kvkk-yenilogo-610x380-1.png?resize=350%2C200&ssl=1","width":350,"height":200},"classes":[]},{"id":179,"url":"https:\/\/millagumruk.com\/tr\/ithalat-gumruk-islemleri\/","url_meta":{"origin":3,"position":2},"title":"\u0130thalat G\u00fcmr\u00fck \u0130\u015flemleri","date":"13 Nisan 2022","format":false,"excerpt":"\u0130thalat G\u00fcmr\u00fck \u0130\u015flemleri M\u00fc\u015fterilerimizin ithalat s\u00fcre\u00e7lerini ba\u015ftan sona planlamakta, h\u0131zl\u0131, g\u00fcvenli ve sorunsuz bir \u015fekilde e\u015fyan\u0131z\u0131 teslim etmekteyiz. \u0130thalat s\u00fcre\u00e7leriniz, konusunda uzman temsilcileriniz arac\u0131l\u0131\u011f\u0131yla takip edilmektedir. \u00dcr\u00fcnlerin \u00fclkeye var\u0131\u015f\u0131ndan \u00f6nce kontrolleri yap\u0131larak, gerekli olan izinleri al\u0131nmakta, e\u015fya var\u0131\u015f\u0131na istinaden ortaya \u00e7\u0131kabilecek gecikmelerin \u00f6n\u00fcne ge\u00e7ilmektedir. Serbest Dola\u015f\u0131ma Giri\u015f, Ge\u00e7ici \u0130thalat, Dahilde\u2026","rel":"","context":"Benzer yaz\u0131","img":{"alt_text":"","src":"https:\/\/i0.wp.com\/millagumruk.com\/tr\/wp-content\/uploads\/2022\/04\/v7zqih4nbmppzoy50k4r.jpg?resize=350%2C200&ssl=1","width":350,"height":200},"classes":[]},{"id":53,"url":"https:\/\/millagumruk.com\/tr\/hakkimizda\/","url_meta":{"origin":3,"position":3},"title":"Hakk\u0131m\u0131zda","date":"12 Nisan 2022","format":false,"excerpt":"Hakk\u0131m\u0131zda M\u0130LLAG\u00dcMR\u00dcK A.\u015e ,b\u00fcnyesinde \u00e7al\u0131\u015ft\u0131rd\u0131\u011f\u0131 dinamik, deneyimli, bilgili ve tecr\u00fcbeli G\u00fcmr\u00fck M\u00fc\u015faviri, M\u00fc\u015favir Yard\u0131mc\u0131lar\u0131, stajyer personelleri ile, g\u00fc\u00e7l\u00fc teknolojik yat\u0131r\u0131mlar\u0131n\u0131 tamamlam\u0131\u015f inovasyona a\u00e7\u0131k bir \u015fekilde yenilikleri takip ederek otomasyon alt yap\u0131s\u0131n\u0131 g\u00fc\u00e7lendirmi\u015ftir. \u0130stanbul Merkezli g\u00fcmr\u00fck idarelerinde \u015fube ve irtibat ofisleri kanal\u0131 ile her t\u00fcrl\u00fc g\u00fcmr\u00fck i\u015flemlerini y\u00fcr\u00fctmektedir. \u0130\u015flemlerini y\u00fcr\u00fctt\u00fc\u011f\u00fcm\u00fcz firmalar\u0131m\u0131za\u2026","rel":"","context":"Benzer yaz\u0131","img":{"alt_text":"","src":"https:\/\/i0.wp.com\/millagumruk.com\/tr\/wp-content\/uploads\/2022\/04\/hakkimizda.jpg?resize=350%2C200&ssl=1","width":350,"height":200},"classes":[]}],"_links":{"self":[{"href":"https:\/\/millagumruk.com\/tr\/wp-json\/wp\/v2\/pages\/3","targetHints":{"allow":["GET"]}}],"collection":[{"href":"https:\/\/millagumruk.com\/tr\/wp-json\/wp\/v2\/pages"}],"about":[{"href":"https:\/\/millagumruk.com\/tr\/wp-json\/wp\/v2\/types\/page"}],"author":[{"embeddable":true,"href":"https:\/\/millagumruk.com\/tr\/wp-json\/wp\/v2\/users\/1"}],"replies":[{"embeddable":true,"href":"https:\/\/millagumruk.com\/tr\/wp-json\/wp\/v2\/comments?post=3"}],"version-history":[{"count":3,"href":"https:\/\/millagumruk.com\/tr\/wp-json\/wp\/v2\/pages\/3\/revisions"}],"predecessor-version":[{"id":524,"href":"https:\/\/millagumruk.com\/tr\/wp-json\/wp\/v2\/pages\/3\/revisions\/524"}],"wp:attachment":[{"href":"https:\/\/millagumruk.com\/tr\/wp-json\/wp\/v2\/media?parent=3"}],"curies":[{"name":"wp","href":"https:\/\/api.w.org\/{rel}","templated":true}]}}