{"id":377,"date":"2022-05-09T00:21:43","date_gmt":"2022-05-09T00:21:43","guid":{"rendered":"https:\/\/millagumruk.com\/tr\/?page_id=377"},"modified":"2022-05-09T12:56:55","modified_gmt":"2022-05-09T12:56:55","slug":"377-2","status":"publish","type":"page","link":"https:\/\/millagumruk.com\/tr\/377-2\/","title":{"rendered":"G\u00dcMR\u00dcK MEVZUATI"},"content":{"rendered":"<div style=\"margin-top: 0px; margin-bottom: 0px;\" class=\"sharethis-inline-follow-buttons\" ><\/div>\n<figure class=\"wp-block-image size-full is-resized is-style-rounded\"><img loading=\"lazy\" decoding=\"async\" src=\"https:\/\/i0.wp.com\/millagumruk.com\/tr\/wp-content\/uploads\/2022\/05\/mevzuat.jpg?resize=640%2C256&#038;ssl=1\" alt=\"\" class=\"wp-image-378\" width=\"640\" height=\"256\" srcset=\"https:\/\/i0.wp.com\/millagumruk.com\/tr\/wp-content\/uploads\/2022\/05\/mevzuat.jpg?w=1000&amp;ssl=1 1000w, https:\/\/i0.wp.com\/millagumruk.com\/tr\/wp-content\/uploads\/2022\/05\/mevzuat.jpg?resize=300%2C120&amp;ssl=1 300w, https:\/\/i0.wp.com\/millagumruk.com\/tr\/wp-content\/uploads\/2022\/05\/mevzuat.jpg?resize=768%2C307&amp;ssl=1 768w\" sizes=\"auto, (max-width: 640px) 100vw, 640px\" data-recalc-dims=\"1\" \/><\/figure>\n\n\n\n<hr class=\"wp-block-separator\"\/>\n\n\n\n<h1 class=\"wp-block-heading\">G\u00dcMR\u00dcK MEVZUATI<\/h1>\n\n\n\n<div class=\"wp-block-columns is-layout-flex wp-container-core-columns-is-layout-9d6595d7 wp-block-columns-is-layout-flex\">\n<div class=\"wp-block-column is-layout-flow wp-block-column-is-layout-flow\"><div class=\"wp-block-calendar\"><table id=\"wp-calendar\" class=\"wp-calendar-table\">\n\t<caption>Nisan 2026<\/caption>\n\t<thead>\n\t<tr>\n\t\t<th scope=\"col\" aria-label=\"Pazartesi\">P<\/th>\n\t\t<th scope=\"col\" aria-label=\"Sal\u0131\">S<\/th>\n\t\t<th scope=\"col\" aria-label=\"\u00c7ar\u015famba\">\u00c7<\/th>\n\t\t<th scope=\"col\" aria-label=\"Per\u015fembe\">P<\/th>\n\t\t<th scope=\"col\" aria-label=\"Cuma\">C<\/th>\n\t\t<th scope=\"col\" aria-label=\"Cumartesi\">C<\/th>\n\t\t<th scope=\"col\" aria-label=\"Pazar\">P<\/th>\n\t<\/tr>\n\t<\/thead>\n\t<tbody>\n\t<tr>\n\t\t<td colspan=\"2\" class=\"pad\">&nbsp;<\/td><td>1<\/td><td>2<\/td><td>3<\/td><td>4<\/td><td>5<\/td>\n\t<\/tr>\n\t<tr>\n\t\t<td>6<\/td><td>7<\/td><td id=\"today\">8<\/td><td>9<\/td><td>10<\/td><td>11<\/td><td>12<\/td>\n\t<\/tr>\n\t<tr>\n\t\t<td>13<\/td><td>14<\/td><td>15<\/td><td>16<\/td><td>17<\/td><td>18<\/td><td>19<\/td>\n\t<\/tr>\n\t<tr>\n\t\t<td>20<\/td><td>21<\/td><td>22<\/td><td>23<\/td><td>24<\/td><td>25<\/td><td>26<\/td>\n\t<\/tr>\n\t<tr>\n\t\t<td>27<\/td><td>28<\/td><td>29<\/td><td>30<\/td>\n\t\t<td class=\"pad\" colspan=\"3\">&nbsp;<\/td>\n\t<\/tr>\n\t<\/tbody>\n\t<\/table><nav aria-label=\"Ge\u00e7mi\u015f ve gelecek aylar\" class=\"wp-calendar-nav\">\n\t\t<span class=\"wp-calendar-nav-prev\"><a href=\"https:\/\/millagumruk.com\/tr\/2025\/01\/\">&laquo; Oca<\/a><\/span>\n\t\t<span class=\"pad\">&nbsp;<\/span>\n\t\t<span class=\"wp-calendar-nav-next\">&nbsp;<\/span>\n\t<\/nav><\/div><\/div>\n\n\n\n<div class=\"wp-block-column is-layout-flow wp-block-column-is-layout-flow\">\n<blockquote class=\"wp-block-quote is-layout-flow wp-block-quote-is-layout-flow\"><p>&#8221; Madde 1 \u2013 Bu Kanunun amac\u0131, T\u00fcrkiye Cumhuriyeti\u00a0<strong>G\u00fcmr\u00fck<\/strong>\u00a0B\u00f6lgesine giren ve \u00e7\u0131kan e\u015fyaya ve ta\u015f\u0131t ara\u00e7lar\u0131na uygulanacak\u00a0<strong>g\u00fcmr\u00fck<\/strong>\u00a0kurallar\u0131n\u0131 belirlemektir. Madde 2 \u2013 T\u00fcrkiye Cumhuriyeti\u00a0<strong>G\u00fcmr\u00fck<\/strong>\u00a0B\u00f6lgesi, T\u00fcrkiye Cumhuriyeti topraklar\u0131n\u0131 kapsar. T\u00fcrkiye kara sular\u0131, i\u00e7 sular\u0131 ve hava sahas\u0131\u00a0<strong>g\u00fcmr\u00fck<\/strong>\u00a0b\u00f6lgesine dahildir.&#8221;<\/p><\/blockquote>\n<\/div>\n<\/div>\n\n\n\n<hr class=\"wp-block-separator\"\/>\n\n\n\n<div class=\"wp-block-query has-black-color has-text-color is-layout-flow wp-block-query-is-layout-flow\"><ul class=\"wp-block-post-template is-layout-flow wp-block-post-template-is-layout-flow\"><li class=\"wp-block-post post-2458 post type-post status-publish format-standard hentry category-627 tag-bakalit tag-gozetim tag-ithalat tag-termal-kagit\">\n\n<div class=\"wp-block-group\" style=\"padding-top:30px;padding-right:30px;padding-bottom:30px;padding-left:30px\"><div class=\"wp-block-group__inner-container is-layout-flow wp-block-group-is-layout-flow\"><h2 class=\"wp-block-post-title\"><a href=\"https:\/\/millagumruk.com\/tr\/bakalit-ve-termal-kagit-ithalatinda-gozetim-uygulanmasi-hakkinda\/\" target=\"_self\" >Bakalit ve Termal Ka\u011f\u0131t ithalat\u0131nda G\u00f6zetim uygulanmas\u0131 hakk\u0131nda.<\/a><\/h2>\n\n<div class=\"wp-block-post-excerpt\"><p class=\"wp-block-post-excerpt__excerpt\"> <\/p><\/div>\n\n<div class=\"wp-block-post-date\"><time datetime=\"2025-01-11T14:16:39+00:00\">11 Ocak 2025<\/time><\/div><\/div><\/div>\n\n<\/li><li class=\"wp-block-post post-2454 post type-post status-publish format-standard hentry category-423 tag-607 tag-arac-parcalari tag-ithalat tag-uygulama-tebligi\">\n\n<div class=\"wp-block-group\" style=\"padding-top:30px;padding-right:30px;padding-bottom:30px;padding-left:30px\"><div class=\"wp-block-group__inner-container is-layout-flow wp-block-group-is-layout-flow\"><h2 class=\"wp-block-post-title\"><a href=\"https:\/\/millagumruk.com\/tr\/arac-parcalarinin-ithalatina-iliskin-2025-yili-uygulama-tebligi-yayinlanmistir\/\" target=\"_self\" >Ara\u00e7 par\u00e7alar\u0131n\u0131n ithalat\u0131na ili\u015fkin 2025 y\u0131l\u0131 uygulama tebli\u011fi yay\u0131nlanm\u0131\u015ft\u0131r.<\/a><\/h2>\n\n<div class=\"wp-block-post-excerpt\"><p class=\"wp-block-post-excerpt__excerpt\"> <\/p><\/div>\n\n<div class=\"wp-block-post-date\"><time datetime=\"2024-12-31T18:48:01+00:00\">31 Aral\u0131k 2024<\/time><\/div><\/div><\/div>\n\n<\/li><li class=\"wp-block-post post-2451 post type-post status-publish format-standard hentry category-423 tag-607 tag-ithalat tag-metal-hurda tag-uygulama-tebligi\">\n\n<div class=\"wp-block-group\" style=\"padding-top:30px;padding-right:30px;padding-bottom:30px;padding-left:30px\"><div class=\"wp-block-group__inner-container is-layout-flow wp-block-group-is-layout-flow\"><h2 class=\"wp-block-post-title\"><a href=\"https:\/\/millagumruk.com\/tr\/cevrenin-korunmasi-yonunden-kontrol-altinda-tutulan-metal-hurdalarin-2025-yili-uygulama-tebligi-yayinlanmistir\/\" target=\"_self\" >\u00c7evrenin korunmas\u0131 y\u00f6n\u00fcnden kontrol alt\u0131nda tutulan metal hurdalar\u0131n 2025 y\u0131l\u0131 uygulama tebli\u011fi yay\u0131nlanm\u0131\u015ft\u0131r.<\/a><\/h2>\n\n<div class=\"wp-block-post-excerpt\"><p class=\"wp-block-post-excerpt__excerpt\"> <\/p><\/div>\n\n<div class=\"wp-block-post-date\"><time datetime=\"2024-12-31T18:45:50+00:00\">31 Aral\u0131k 2024<\/time><\/div><\/div><\/div>\n\n<\/li><li class=\"wp-block-post post-2448 post type-post status-publish format-standard hentry category-423 tag-607 tag-ithalat tag-saglik-bakanligi tag-uygulama-tebligi\">\n\n<div class=\"wp-block-group\" style=\"padding-top:30px;padding-right:30px;padding-bottom:30px;padding-left:30px\"><div class=\"wp-block-group__inner-container is-layout-flow wp-block-group-is-layout-flow\"><h2 class=\"wp-block-post-title\"><a href=\"https:\/\/millagumruk.com\/tr\/saglik-bakanliginca-denetlenen-bazi-urunlerin-ithalatina-iliskin-2025-yili-uygulama-tebligi-yayinlanmistir\/\" target=\"_self\" >Sa\u011fl\u0131k Bakanl\u0131\u011f\u0131nca denetlenen baz\u0131 \u00fcr\u00fcnlerin ithalat\u0131na ili\u015fkin 2025 y\u0131l\u0131 uygulama tebli\u011fi yay\u0131nlanm\u0131\u015ft\u0131r.<\/a><\/h2>\n\n<div class=\"wp-block-post-excerpt\"><p class=\"wp-block-post-excerpt__excerpt\"> <\/p><\/div>\n\n<div class=\"wp-block-post-date\"><time datetime=\"2024-12-31T18:43:41+00:00\">31 Aral\u0131k 2024<\/time><\/div><\/div><\/div>\n\n<\/li><\/ul><\/div>\n<div style=\"margin-top: 0px; margin-bottom: 0px;\" class=\"sharethis-inline-follow-buttons\" ><\/div>","protected":false},"excerpt":{"rendered":"<p>G\u00dcMR\u00dcK MEVZUATI &#8221; Madde 1 \u2013 Bu Kanunun amac\u0131, T\u00fcrkiye Cumhuriyeti\u00a0G\u00fcmr\u00fck\u00a0B\u00f6lgesine giren ve \u00e7\u0131kan e\u015fyaya ve ta\u015f\u0131t ara\u00e7lar\u0131na uygulanacak\u00a0g\u00fcmr\u00fck\u00a0kurallar\u0131n\u0131 belirlemektir. Madde 2 \u2013 T\u00fcrkiye Cumhuriyeti\u00a0G\u00fcmr\u00fck\u00a0B\u00f6lgesi, T\u00fcrkiye Cumhuriyeti topraklar\u0131n\u0131 kapsar. T\u00fcrkiye kara sular\u0131, i\u00e7 sular\u0131 ve hava sahas\u0131\u00a0g\u00fcmr\u00fck\u00a0b\u00f6lgesine dahildir.&#8221;<\/p>\n","protected":false},"author":1,"featured_media":0,"parent":0,"menu_order":0,"comment_status":"closed","ping_status":"closed","template":"","meta":{"footnotes":""},"class_list":["post-377","page","type-page","status-publish","hentry"],"jetpack-related-posts":[{"id":177,"url":"https:\/\/millagumruk.com\/tr\/ihracat-gumruk-islemleri\/","url_meta":{"origin":377,"position":0},"title":"\u0130hracat G\u00fcmr\u00fck \u0130\u015flemleri","date":"13 Nisan 2022","format":false,"excerpt":"\u0130hracat G\u00fcmr\u00fck \u0130\u015flemleri \u0130hracat Rejimi, serbest dola\u015f\u0131mda bulunan e\u015fyan\u0131n ihra\u00e7 amac\u0131yla T\u00fcrkiye G\u00fcmr\u00fck B\u00f6lgesi d\u0131\u015f\u0131na \u00e7\u0131k\u0131\u015f\u0131na ili\u015fkin h\u00fck\u00fcmlerin uyguland\u0131\u011f\u0131 rejimdir. E\u015fyan\u0131n t\u00fcr\u00fcne g\u00f6re ilgili ihracat\u00e7\u0131 birliklerine \u00fcyelik i\u015flemlerinin yapt\u0131r\u0131lmas\u0131, Birlik tasdikinin al\u0131nmas\u0131,E\u015fya ile ilgili G.T.\u0130.P. tespiti,Ta\u015f\u0131maya konu ara\u00e7 g\u00fcmr\u00fck i\u015flemlerinin takibi,\u0130hra\u00e7 edilecek e\u015fyan\u0131n g\u00fcmr\u00fck beyannamesinin d\u00fczenlenmesi ve operasyonun tamamlanmas\u0131,Vesaiklerin nakliye\u2026","rel":"","context":"Benzer yaz\u0131","img":{"alt_text":"","src":"https:\/\/i0.wp.com\/millagumruk.com\/tr\/wp-content\/uploads\/2022\/04\/export.jpg?resize=350%2C200&ssl=1","width":350,"height":200},"classes":[]},{"id":53,"url":"https:\/\/millagumruk.com\/tr\/hakkimizda\/","url_meta":{"origin":377,"position":1},"title":"Hakk\u0131m\u0131zda","date":"12 Nisan 2022","format":false,"excerpt":"Hakk\u0131m\u0131zda M\u0130LLAG\u00dcMR\u00dcK A.\u015e ,b\u00fcnyesinde \u00e7al\u0131\u015ft\u0131rd\u0131\u011f\u0131 dinamik, deneyimli, bilgili ve tecr\u00fcbeli G\u00fcmr\u00fck M\u00fc\u015faviri, M\u00fc\u015favir Yard\u0131mc\u0131lar\u0131, stajyer personelleri ile, g\u00fc\u00e7l\u00fc teknolojik yat\u0131r\u0131mlar\u0131n\u0131 tamamlam\u0131\u015f inovasyona a\u00e7\u0131k bir \u015fekilde yenilikleri takip ederek otomasyon alt yap\u0131s\u0131n\u0131 g\u00fc\u00e7lendirmi\u015ftir. \u0130stanbul Merkezli g\u00fcmr\u00fck idarelerinde \u015fube ve irtibat ofisleri kanal\u0131 ile her t\u00fcrl\u00fc g\u00fcmr\u00fck i\u015flemlerini y\u00fcr\u00fctmektedir. \u0130\u015flemlerini y\u00fcr\u00fctt\u00fc\u011f\u00fcm\u00fcz firmalar\u0131m\u0131za\u2026","rel":"","context":"Benzer yaz\u0131","img":{"alt_text":"","src":"https:\/\/i0.wp.com\/millagumruk.com\/tr\/wp-content\/uploads\/2022\/04\/hakkimizda.jpg?resize=350%2C200&ssl=1","width":350,"height":200},"classes":[]},{"id":183,"url":"https:\/\/millagumruk.com\/tr\/antrepo-gumruk-islemleri\/","url_meta":{"origin":377,"position":2},"title":"Antrepo G\u00fcmr\u00fck \u0130\u015flemleri","date":"13 Nisan 2022","format":false,"excerpt":"G\u00fcmr\u00fckl\u00fc antrepolarda ithalat veya transit i\u015flemleri ger\u00e7ekle\u015fene kadar e\u015fyalar\u0131n\u0131z\u0131, g\u00fcmr\u00fck vergileri \u00f6denmeksizin ve bir s\u00fcre s\u0131n\u0131r\u0131 olmaks\u0131z\u0131n bekletme imkan\u0131n\u0131z bulunmaktad\u0131r. \u00dcr\u00fcnlerinizin g\u00fcvenli bir \u015fekilde depolanmas\u0131, y\u00fckleme bo\u015faltma i\u015flemlerinin uzman ekibimiz g\u00f6zetiminde yap\u0131lmas\u0131, antrepolar\u0131m\u0131zda sundu\u011fumuz ba\u015fl\u0131ca hizmetlerdir. Antrepo i\u015flemleri hizmetlerimiz \u00dcr\u00fcnlerinize y\u00fckleme ve bo\u015faltma esnas\u0131nda refakat,E\u015fyan\u0131n do\u011fru ve g\u00fcvenli bir \u015fekilde\u2026","rel":"","context":"Benzer yaz\u0131","img":{"alt_text":"","src":"https:\/\/i0.wp.com\/millagumruk.com\/tr\/wp-content\/uploads\/2022\/04\/antrepo-nedir-antrepolarin-ozellikleri-1140X361-1.jpg?resize=350%2C200&ssl=1","width":350,"height":200},"classes":[]},{"id":181,"url":"https:\/\/millagumruk.com\/tr\/transit-islemleri\/","url_meta":{"origin":377,"position":3},"title":"Transit \u0130\u015flemleri","date":"13 Nisan 2022","format":false,"excerpt":"Transit \u0130\u015flemleri Yurt d\u0131\u015f\u0131ndan gelip bir i\u00e7 g\u00fcmr\u00fc\u011fe veya tekrar yurt d\u0131\u015f\u0131na Transit Rejimi \u00e7er\u00e7evesinde sevk edilecek olan emtian\u0131n g\u00fcmr\u00fck ve limanlardaki i\u015flemleri, taraf\u0131m\u0131zdan takip edilerek sonu\u00e7land\u0131r\u0131l\u0131r. Talep do\u011frultusunda mal\u0131n G.T.\u0130.P tespitinin yap\u0131lmas\u0131,Gerekli g\u00f6r\u00fclen hallerde k\u00fc\u015fat yap\u0131lmas\u0131,Transit ve antrepo beyannamelerinin d\u00fczenlenmesi,Transit beyanlar\u0131 i\u00e7in gerekli teminatlar\u0131n tedarik edilmesi,E\u015fyan\u0131n, muayene ve tespitlerinin\u2026","rel":"","context":"Benzer yaz\u0131","img":{"alt_text":"","src":"https:\/\/i0.wp.com\/millagumruk.com\/tr\/wp-content\/uploads\/2022\/04\/hizmet_1-460x384-1.jpg?resize=350%2C200&ssl=1","width":350,"height":200},"classes":[]},{"id":179,"url":"https:\/\/millagumruk.com\/tr\/ithalat-gumruk-islemleri\/","url_meta":{"origin":377,"position":4},"title":"\u0130thalat G\u00fcmr\u00fck \u0130\u015flemleri","date":"13 Nisan 2022","format":false,"excerpt":"\u0130thalat G\u00fcmr\u00fck \u0130\u015flemleri M\u00fc\u015fterilerimizin ithalat s\u00fcre\u00e7lerini ba\u015ftan sona planlamakta, h\u0131zl\u0131, g\u00fcvenli ve sorunsuz bir \u015fekilde e\u015fyan\u0131z\u0131 teslim etmekteyiz. \u0130thalat s\u00fcre\u00e7leriniz, konusunda uzman temsilcileriniz arac\u0131l\u0131\u011f\u0131yla takip edilmektedir. \u00dcr\u00fcnlerin \u00fclkeye var\u0131\u015f\u0131ndan \u00f6nce kontrolleri yap\u0131larak, gerekli olan izinleri al\u0131nmakta, e\u015fya var\u0131\u015f\u0131na istinaden ortaya \u00e7\u0131kabilecek gecikmelerin \u00f6n\u00fcne ge\u00e7ilmektedir. Serbest Dola\u015f\u0131ma Giri\u015f, Ge\u00e7ici \u0130thalat, Dahilde\u2026","rel":"","context":"Benzer yaz\u0131","img":{"alt_text":"","src":"https:\/\/i0.wp.com\/millagumruk.com\/tr\/wp-content\/uploads\/2022\/04\/v7zqih4nbmppzoy50k4r.jpg?resize=350%2C200&ssl=1","width":350,"height":200},"classes":[]},{"id":260,"url":"https:\/\/millagumruk.com\/tr\/musteri-paneli-ve-gerekli-mevzuatlar\/","url_meta":{"origin":377,"position":5},"title":"Online \u0130\u015flemler","date":"26 Nisan 2022","format":false,"excerpt":"Online \u0130\u015flemler Firma Dosyas\u0131 Sorgulama VEDOP Sorgulama E-Mevzuat G\u00fcmr\u00fck Kanunu \u0130thalat Y\u00f6netmeli\u011fi \u0130hracat Y\u00f6netmeli\u011fi Ka\u00e7ak\u00e7\u0131l\u0131kla M\u00fccadele Kanunu Serbest B\u00f6lge Kanunu","rel":"","context":"Benzer yaz\u0131","img":{"alt_text":"","src":"https:\/\/i0.wp.com\/millagumruk.com\/tr\/wp-content\/uploads\/2022\/04\/teknoloji-neden-onemlidir-nasil-kullanilmali-fotograflar-5-gelgez-700x420-1.jpg?resize=350%2C200&ssl=1","width":350,"height":200},"classes":[]}],"_links":{"self":[{"href":"https:\/\/millagumruk.com\/tr\/wp-json\/wp\/v2\/pages\/377","targetHints":{"allow":["GET"]}}],"collection":[{"href":"https:\/\/millagumruk.com\/tr\/wp-json\/wp\/v2\/pages"}],"about":[{"href":"https:\/\/millagumruk.com\/tr\/wp-json\/wp\/v2\/types\/page"}],"author":[{"embeddable":true,"href":"https:\/\/millagumruk.com\/tr\/wp-json\/wp\/v2\/users\/1"}],"replies":[{"embeddable":true,"href":"https:\/\/millagumruk.com\/tr\/wp-json\/wp\/v2\/comments?post=377"}],"version-history":[{"count":25,"href":"https:\/\/millagumruk.com\/tr\/wp-json\/wp\/v2\/pages\/377\/revisions"}],"predecessor-version":[{"id":469,"href":"https:\/\/millagumruk.com\/tr\/wp-json\/wp\/v2\/pages\/377\/revisions\/469"}],"wp:attachment":[{"href":"https:\/\/millagumruk.com\/tr\/wp-json\/wp\/v2\/media?parent=377"}],"curies":[{"name":"wp","href":"https:\/\/api.w.org\/{rel}","templated":true}]}}