{"id":473,"date":"2022-05-09T13:22:03","date_gmt":"2022-05-09T13:22:03","guid":{"rendered":"https:\/\/millagumruk.com\/tr\/?page_id=473"},"modified":"2022-05-24T09:06:36","modified_gmt":"2022-05-24T09:06:36","slug":"ithalat-izinleri","status":"publish","type":"page","link":"https:\/\/millagumruk.com\/tr\/ithalat-izinleri\/","title":{"rendered":"\u0130thalat \u0130zinleri"},"content":{"rendered":"<div style=\"margin-top: 0px; margin-bottom: 0px;\" class=\"sharethis-inline-follow-buttons\" ><\/div>\n<p>\u0130thali i\u00e7in \u00fclkemizde ilgili kurumlardan izin al\u0131nmas\u0131 gereken \u00fcr\u00fcnlere ait izin ba\u015fvurular\u0131 uzman ekibimiz ve gerekti\u011finde yine konusunda uzman dan\u0131\u015fmanlar taraf\u0131ndan ger\u00e7ekle\u015ftirilmekte ve izin s\u00fcre\u00e7leriniz sorunsuz \u015fekilde tamamlanarak ithalat i\u015flemleriniz sonu\u00e7land\u0131r\u0131lmaktad\u0131r. \u0130thal izinlerinde m\u00fcmk\u00fcn olan durumlarda ba\u015fvurular e\u015fya hen\u00fcz yolda iken yap\u0131larak zaman kay\u0131plar\u0131 asgariye indirilmektedir.<\/p>\n\n\n\n<ul class=\"wp-block-list\"><li>\u0130thali Tareks denetimine tabi \u00fcr\u00fcnler i\u00e7in, TSE ve DTS&#8217; den gerekli izinlerin al\u0131nmas\u0131,,<\/li><li>\u0130thali Tar\u0131m Bakanl\u0131\u011f\u0131 denetimine tabi \u00fcr\u00fcnler i\u00e7in, Tar\u0131m Bakanl\u0131\u011f\u0131na \u00f6n bildirim ve sevk bildirimlerinin yap\u0131larak analiz s\u00fcre\u00e7lerinin takibi ve sonu\u00e7land\u0131r\u0131lmas\u0131,<\/li><li>\u00d6l\u00e7\u00fc-Ayar izinlerinin al\u0131nmas\u0131,<\/li><li>\u0130\u015fg\u00fcm kontrol belgelerinin al\u0131nmas\u0131,<\/li><li>Tekstil \u00fcr\u00fcnleri i\u00e7in Kay\u0131t Belgesi al\u0131nmas\u0131,<\/li><li>Nihai kullan\u0131m izinlerinin al\u0131nmas\u0131,<\/li><li>\u0130thal lisans\u0131 ve Kota belgelerinin al\u0131nmas\u0131,<\/li><li>Tek Pencere sistemi ve di\u011fer ithalat izinleri,<\/li><\/ul>\n<div style=\"margin-top: 0px; margin-bottom: 0px;\" class=\"sharethis-inline-follow-buttons\" ><\/div>","protected":false},"excerpt":{"rendered":"<p>\u0130thali i\u00e7in \u00fclkemizde ilgili kurumlardan izin al\u0131nmas\u0131 gereken \u00fcr\u00fcnlere ait izin ba\u015fvurular\u0131 uzman ekibimiz ve gerekti\u011finde yine konusunda uzman dan\u0131\u015fmanlar taraf\u0131ndan ger\u00e7ekle\u015ftirilmekte ve izin s\u00fcre\u00e7leriniz sorunsuz \u015fekilde tamamlanarak ithalat i\u015flemleriniz sonu\u00e7land\u0131r\u0131lmaktad\u0131r. \u0130thal izinlerinde m\u00fcmk\u00fcn olan durumlarda ba\u015fvurular e\u015fya hen\u00fcz yolda iken yap\u0131larak zaman kay\u0131plar\u0131 asgariye indirilmektedir. \u0130thali Tareks denetimine tabi \u00fcr\u00fcnler i\u00e7in, TSE ve DTS&#8217; den gerekli izinlerin al\u0131nmas\u0131,, \u0130thali Tar\u0131m Bakanl\u0131\u011f\u0131 denetimine tabi \u00fcr\u00fcnler i\u00e7in, Tar\u0131m Bakanl\u0131\u011f\u0131na \u00f6n bildirim ve sevk bildirimlerinin yap\u0131larak analiz s\u00fcre\u00e7lerinin takibi ve sonu\u00e7land\u0131r\u0131lmas\u0131, \u00d6l\u00e7\u00fc-Ayar izinlerinin al\u0131nmas\u0131, \u0130\u015fg\u00fcm kontrol belgelerinin al\u0131nmas\u0131, Tekstil \u00fcr\u00fcnleri i\u00e7in Kay\u0131t Belgesi al\u0131nmas\u0131, Nihai kullan\u0131m izinlerinin al\u0131nmas\u0131, \u0130thal lisans\u0131 ve Kota&hellip;<\/p>\n","protected":false},"author":1,"featured_media":0,"parent":0,"menu_order":0,"comment_status":"closed","ping_status":"closed","template":"","meta":{"footnotes":""},"class_list":["post-473","page","type-page","status-publish","hentry"],"jetpack-related-posts":[{"id":475,"url":"https:\/\/millagumruk.com\/tr\/ihracat-izinleri\/","url_meta":{"origin":473,"position":0},"title":"\u0130hracat \u0130zinleri","date":"9 May\u0131s 2022","format":false,"excerpt":"\u0130hra\u00e7 edilmesi istenen ve T\u00fcrkiye'den \u00e7\u0131k\u0131\u015f\u0131 veya al\u0131c\u0131 \u00fclkeye giri\u015fi i\u00e7in, \u00fclkemizde d\u00fczenlenmesi gereken belge ve izinler uzman ekibimiz ve gerekli durumlarda yine konusunda uzman dan\u0131\u015fmanlar\u0131m\u0131z taraf\u0131ndan al\u0131nmaktad\u0131r. \u0130hrac\u0131 kayda ba\u011fl\u0131 \u00fcr\u00fcnler i\u00e7in, ihracat\u00e7\u0131 birliklerine gerekli ba\u015fvurular\u0131n yap\u0131lmas\u0131,\u0130hrac\u0131 \u00f6n izne tabi \u00fcr\u00fcnler i\u00e7in, ilgili kurumdan ihracat \u00f6n izinlerinin al\u0131nmas\u0131,\u0130hrac\u0131 Tareks\u2026","rel":"","context":"Benzer yaz\u0131","img":{"alt_text":"","src":"","width":0,"height":0},"classes":[]},{"id":179,"url":"https:\/\/millagumruk.com\/tr\/ithalat-gumruk-islemleri\/","url_meta":{"origin":473,"position":1},"title":"\u0130thalat G\u00fcmr\u00fck \u0130\u015flemleri","date":"13 Nisan 2022","format":false,"excerpt":"\u0130thalat G\u00fcmr\u00fck \u0130\u015flemleri M\u00fc\u015fterilerimizin ithalat s\u00fcre\u00e7lerini ba\u015ftan sona planlamakta, h\u0131zl\u0131, g\u00fcvenli ve sorunsuz bir \u015fekilde e\u015fyan\u0131z\u0131 teslim etmekteyiz. \u0130thalat s\u00fcre\u00e7leriniz, konusunda uzman temsilcileriniz arac\u0131l\u0131\u011f\u0131yla takip edilmektedir. \u00dcr\u00fcnlerin \u00fclkeye var\u0131\u015f\u0131ndan \u00f6nce kontrolleri yap\u0131larak, gerekli olan izinleri al\u0131nmakta, e\u015fya var\u0131\u015f\u0131na istinaden ortaya \u00e7\u0131kabilecek gecikmelerin \u00f6n\u00fcne ge\u00e7ilmektedir. Serbest Dola\u015f\u0131ma Giri\u015f, Ge\u00e7ici \u0130thalat, Dahilde\u2026","rel":"","context":"Benzer yaz\u0131","img":{"alt_text":"","src":"https:\/\/i0.wp.com\/millagumruk.com\/tr\/wp-content\/uploads\/2022\/04\/v7zqih4nbmppzoy50k4r.jpg?resize=350%2C200&ssl=1","width":350,"height":200},"classes":[]},{"id":183,"url":"https:\/\/millagumruk.com\/tr\/antrepo-gumruk-islemleri\/","url_meta":{"origin":473,"position":2},"title":"Antrepo G\u00fcmr\u00fck \u0130\u015flemleri","date":"13 Nisan 2022","format":false,"excerpt":"G\u00fcmr\u00fckl\u00fc antrepolarda ithalat veya transit i\u015flemleri ger\u00e7ekle\u015fene kadar e\u015fyalar\u0131n\u0131z\u0131, g\u00fcmr\u00fck vergileri \u00f6denmeksizin ve bir s\u00fcre s\u0131n\u0131r\u0131 olmaks\u0131z\u0131n bekletme imkan\u0131n\u0131z bulunmaktad\u0131r. \u00dcr\u00fcnlerinizin g\u00fcvenli bir \u015fekilde depolanmas\u0131, y\u00fckleme bo\u015faltma i\u015flemlerinin uzman ekibimiz g\u00f6zetiminde yap\u0131lmas\u0131, antrepolar\u0131m\u0131zda sundu\u011fumuz ba\u015fl\u0131ca hizmetlerdir. Antrepo i\u015flemleri hizmetlerimiz \u00dcr\u00fcnlerinize y\u00fckleme ve bo\u015faltma esnas\u0131nda refakat,E\u015fyan\u0131n do\u011fru ve g\u00fcvenli bir \u015fekilde\u2026","rel":"","context":"Benzer yaz\u0131","img":{"alt_text":"","src":"https:\/\/i0.wp.com\/millagumruk.com\/tr\/wp-content\/uploads\/2022\/04\/antrepo-nedir-antrepolarin-ozellikleri-1140X361-1.jpg?resize=350%2C200&ssl=1","width":350,"height":200},"classes":[]},{"id":63,"url":"https:\/\/millagumruk.com\/tr\/kvkk\/","url_meta":{"origin":473,"position":3},"title":"KVKK","date":"12 Nisan 2022","format":false,"excerpt":"Ki\u015fisel Verilerin Korunmas\u0131 ve \u0130\u015flenmesi Politikas\u0131 Politika\u2019n\u0131n Amac\u0131 ve Kapsam\u0131 \u0130\u015fbu Ki\u015fisel Verilerin Korunmas\u0131 ve \u0130\u015flenmesi Politikas\u0131 (\u201cPolitika\u201d), Milla G\u00fcmr\u00fck M\u00fc\u015favirli\u011fi Ltd. \u015eti, Milla international Lojistik A\u015e, (\u201cMilla Grup\u201d veya \u201c\u015eirket\u201d) operasyonlar\u0131 kapsam\u0131nda ger\u00e7ekle\u015ftirdi\u011fi ki\u015fisel veri i\u015fleme faaliyetleri ve bu faaliyetler kapsam\u0131nda temel ald\u0131\u011f\u0131 kurallar ve prensipler b\u00fct\u00fcn\u00fc hakk\u0131nda bilgi\u2026","rel":"","context":"Benzer yaz\u0131","img":{"alt_text":"","src":"https:\/\/i0.wp.com\/millagumruk.com\/tr\/wp-content\/uploads\/2022\/05\/kvkk-yenilogo-610x380-1.png?resize=350%2C200&ssl=1","width":350,"height":200},"classes":[]}],"_links":{"self":[{"href":"https:\/\/millagumruk.com\/tr\/wp-json\/wp\/v2\/pages\/473","targetHints":{"allow":["GET"]}}],"collection":[{"href":"https:\/\/millagumruk.com\/tr\/wp-json\/wp\/v2\/pages"}],"about":[{"href":"https:\/\/millagumruk.com\/tr\/wp-json\/wp\/v2\/types\/page"}],"author":[{"embeddable":true,"href":"https:\/\/millagumruk.com\/tr\/wp-json\/wp\/v2\/users\/1"}],"replies":[{"embeddable":true,"href":"https:\/\/millagumruk.com\/tr\/wp-json\/wp\/v2\/comments?post=473"}],"version-history":[{"count":2,"href":"https:\/\/millagumruk.com\/tr\/wp-json\/wp\/v2\/pages\/473\/revisions"}],"predecessor-version":[{"id":626,"href":"https:\/\/millagumruk.com\/tr\/wp-json\/wp\/v2\/pages\/473\/revisions\/626"}],"wp:attachment":[{"href":"https:\/\/millagumruk.com\/tr\/wp-json\/wp\/v2\/media?parent=473"}],"curies":[{"name":"wp","href":"https:\/\/api.w.org\/{rel}","templated":true}]}}