{"id":475,"date":"2022-05-09T13:22:20","date_gmt":"2022-05-09T13:22:20","guid":{"rendered":"https:\/\/millagumruk.com\/tr\/?page_id=475"},"modified":"2022-05-24T08:50:28","modified_gmt":"2022-05-24T08:50:28","slug":"ihracat-izinleri","status":"publish","type":"page","link":"https:\/\/millagumruk.com\/tr\/ihracat-izinleri\/","title":{"rendered":"\u0130hracat \u0130zinleri"},"content":{"rendered":"<div style=\"margin-top: 0px; margin-bottom: 0px;\" class=\"sharethis-inline-follow-buttons\" ><\/div>\n<p>\u0130hra\u00e7 edilmesi istenen ve T\u00fcrkiye&#8217;den \u00e7\u0131k\u0131\u015f\u0131 veya al\u0131c\u0131 \u00fclkeye giri\u015fi i\u00e7in, \u00fclkemizde d\u00fczenlenmesi gereken belge ve izinler uzman ekibimiz ve gerekli durumlarda yine konusunda uzman dan\u0131\u015fmanlar\u0131m\u0131z taraf\u0131ndan al\u0131nmaktad\u0131r.<\/p>\n\n\n\n<ul class=\"wp-block-list\"><li>\u0130hrac\u0131 kayda ba\u011fl\u0131 \u00fcr\u00fcnler i\u00e7in, ihracat\u00e7\u0131 birliklerine gerekli ba\u015fvurular\u0131n yap\u0131lmas\u0131,<\/li><li>\u0130hrac\u0131 \u00f6n izne tabi \u00fcr\u00fcnler i\u00e7in, ilgili kurumdan ihracat \u00f6n izinlerinin al\u0131nmas\u0131,<\/li><li>\u0130hrac\u0131 Tareks denetimine tabi \u00fcr\u00fcnler i\u00e7in, TSE ve DTS&#8217; den gerekli izinlerin al\u0131nmas\u0131,<\/li><li>Tar\u0131m Bakanl\u0131\u011f\u0131&#8217;ndan g\u0131da sa\u011fl\u0131k sertifikalar\u0131 ve Veteriner sa\u011fl\u0131k sertifikalar\u0131n\u0131n d\u00fczenlenmesi,<\/li><li>\u00d6l\u00e7\u00fc-Ayar izinlerinin al\u0131nmas\u0131,<\/li><li>ATR, EUR 1, EUR-MED, Men\u015fe \u015eahadetnamesi, Form A v.b. dola\u015f\u0131m belgelerinin d\u00fczenlenmesi ve onaylanmas\u0131,<\/li><li>Ticaret odas\u0131 ve konsolosluk onay i\u015flemleri,<\/li><\/ul>\n<div style=\"margin-top: 0px; margin-bottom: 0px;\" class=\"sharethis-inline-follow-buttons\" ><\/div>","protected":false},"excerpt":{"rendered":"<p>\u0130hra\u00e7 edilmesi istenen ve T\u00fcrkiye&#8217;den \u00e7\u0131k\u0131\u015f\u0131 veya al\u0131c\u0131 \u00fclkeye giri\u015fi i\u00e7in, \u00fclkemizde d\u00fczenlenmesi gereken belge ve izinler uzman ekibimiz ve gerekli durumlarda yine konusunda uzman dan\u0131\u015fmanlar\u0131m\u0131z taraf\u0131ndan al\u0131nmaktad\u0131r. \u0130hrac\u0131 kayda ba\u011fl\u0131 \u00fcr\u00fcnler i\u00e7in, ihracat\u00e7\u0131 birliklerine gerekli ba\u015fvurular\u0131n yap\u0131lmas\u0131, \u0130hrac\u0131 \u00f6n izne tabi \u00fcr\u00fcnler i\u00e7in, ilgili kurumdan ihracat \u00f6n izinlerinin al\u0131nmas\u0131, \u0130hrac\u0131 Tareks denetimine tabi \u00fcr\u00fcnler i\u00e7in, TSE ve DTS&#8217; den gerekli izinlerin al\u0131nmas\u0131, Tar\u0131m Bakanl\u0131\u011f\u0131&#8217;ndan g\u0131da sa\u011fl\u0131k sertifikalar\u0131 ve Veteriner sa\u011fl\u0131k sertifikalar\u0131n\u0131n d\u00fczenlenmesi, \u00d6l\u00e7\u00fc-Ayar izinlerinin al\u0131nmas\u0131, ATR, EUR 1, EUR-MED, Men\u015fe \u015eahadetnamesi, Form A v.b. dola\u015f\u0131m belgelerinin d\u00fczenlenmesi ve onaylanmas\u0131, Ticaret odas\u0131 ve konsolosluk onay i\u015flemleri,<\/p>\n","protected":false},"author":1,"featured_media":0,"parent":0,"menu_order":0,"comment_status":"closed","ping_status":"closed","template":"","meta":{"footnotes":""},"class_list":["post-475","page","type-page","status-publish","hentry"],"jetpack-related-posts":[{"id":473,"url":"https:\/\/millagumruk.com\/tr\/ithalat-izinleri\/","url_meta":{"origin":475,"position":0},"title":"\u0130thalat \u0130zinleri","date":"9 May\u0131s 2022","format":false,"excerpt":"\u0130thali i\u00e7in \u00fclkemizde ilgili kurumlardan izin al\u0131nmas\u0131 gereken \u00fcr\u00fcnlere ait izin ba\u015fvurular\u0131 uzman ekibimiz ve gerekti\u011finde yine konusunda uzman dan\u0131\u015fmanlar taraf\u0131ndan ger\u00e7ekle\u015ftirilmekte ve izin s\u00fcre\u00e7leriniz sorunsuz \u015fekilde tamamlanarak ithalat i\u015flemleriniz sonu\u00e7land\u0131r\u0131lmaktad\u0131r. \u0130thal izinlerinde m\u00fcmk\u00fcn olan durumlarda ba\u015fvurular e\u015fya hen\u00fcz yolda iken yap\u0131larak zaman kay\u0131plar\u0131 asgariye indirilmektedir. \u0130thali Tareks denetimine tabi\u2026","rel":"","context":"Benzer yaz\u0131","img":{"alt_text":"","src":"","width":0,"height":0},"classes":[]},{"id":177,"url":"https:\/\/millagumruk.com\/tr\/ihracat-gumruk-islemleri\/","url_meta":{"origin":475,"position":1},"title":"\u0130hracat G\u00fcmr\u00fck \u0130\u015flemleri","date":"13 Nisan 2022","format":false,"excerpt":"\u0130hracat G\u00fcmr\u00fck \u0130\u015flemleri \u0130hracat Rejimi, serbest dola\u015f\u0131mda bulunan e\u015fyan\u0131n ihra\u00e7 amac\u0131yla T\u00fcrkiye G\u00fcmr\u00fck B\u00f6lgesi d\u0131\u015f\u0131na \u00e7\u0131k\u0131\u015f\u0131na ili\u015fkin h\u00fck\u00fcmlerin uyguland\u0131\u011f\u0131 rejimdir. E\u015fyan\u0131n t\u00fcr\u00fcne g\u00f6re ilgili ihracat\u00e7\u0131 birliklerine \u00fcyelik i\u015flemlerinin yapt\u0131r\u0131lmas\u0131, Birlik tasdikinin al\u0131nmas\u0131,E\u015fya ile ilgili G.T.\u0130.P. tespiti,Ta\u015f\u0131maya konu ara\u00e7 g\u00fcmr\u00fck i\u015flemlerinin takibi,\u0130hra\u00e7 edilecek e\u015fyan\u0131n g\u00fcmr\u00fck beyannamesinin d\u00fczenlenmesi ve operasyonun tamamlanmas\u0131,Vesaiklerin nakliye\u2026","rel":"","context":"Benzer yaz\u0131","img":{"alt_text":"","src":"https:\/\/i0.wp.com\/millagumruk.com\/tr\/wp-content\/uploads\/2022\/04\/export.jpg?resize=350%2C200&ssl=1","width":350,"height":200},"classes":[]},{"id":179,"url":"https:\/\/millagumruk.com\/tr\/ithalat-gumruk-islemleri\/","url_meta":{"origin":475,"position":2},"title":"\u0130thalat G\u00fcmr\u00fck \u0130\u015flemleri","date":"13 Nisan 2022","format":false,"excerpt":"\u0130thalat G\u00fcmr\u00fck \u0130\u015flemleri M\u00fc\u015fterilerimizin ithalat s\u00fcre\u00e7lerini ba\u015ftan sona planlamakta, h\u0131zl\u0131, g\u00fcvenli ve sorunsuz bir \u015fekilde e\u015fyan\u0131z\u0131 teslim etmekteyiz. \u0130thalat s\u00fcre\u00e7leriniz, konusunda uzman temsilcileriniz arac\u0131l\u0131\u011f\u0131yla takip edilmektedir. \u00dcr\u00fcnlerin \u00fclkeye var\u0131\u015f\u0131ndan \u00f6nce kontrolleri yap\u0131larak, gerekli olan izinleri al\u0131nmakta, e\u015fya var\u0131\u015f\u0131na istinaden ortaya \u00e7\u0131kabilecek gecikmelerin \u00f6n\u00fcne ge\u00e7ilmektedir. Serbest Dola\u015f\u0131ma Giri\u015f, Ge\u00e7ici \u0130thalat, Dahilde\u2026","rel":"","context":"Benzer yaz\u0131","img":{"alt_text":"","src":"https:\/\/i0.wp.com\/millagumruk.com\/tr\/wp-content\/uploads\/2022\/04\/v7zqih4nbmppzoy50k4r.jpg?resize=350%2C200&ssl=1","width":350,"height":200},"classes":[]},{"id":181,"url":"https:\/\/millagumruk.com\/tr\/transit-islemleri\/","url_meta":{"origin":475,"position":3},"title":"Transit \u0130\u015flemleri","date":"13 Nisan 2022","format":false,"excerpt":"Transit \u0130\u015flemleri Yurt d\u0131\u015f\u0131ndan gelip bir i\u00e7 g\u00fcmr\u00fc\u011fe veya tekrar yurt d\u0131\u015f\u0131na Transit Rejimi \u00e7er\u00e7evesinde sevk edilecek olan emtian\u0131n g\u00fcmr\u00fck ve limanlardaki i\u015flemleri, taraf\u0131m\u0131zdan takip edilerek sonu\u00e7land\u0131r\u0131l\u0131r. Talep do\u011frultusunda mal\u0131n G.T.\u0130.P tespitinin yap\u0131lmas\u0131,Gerekli g\u00f6r\u00fclen hallerde k\u00fc\u015fat yap\u0131lmas\u0131,Transit ve antrepo beyannamelerinin d\u00fczenlenmesi,Transit beyanlar\u0131 i\u00e7in gerekli teminatlar\u0131n tedarik edilmesi,E\u015fyan\u0131n, muayene ve tespitlerinin\u2026","rel":"","context":"Benzer yaz\u0131","img":{"alt_text":"","src":"https:\/\/i0.wp.com\/millagumruk.com\/tr\/wp-content\/uploads\/2022\/04\/hizmet_1-460x384-1.jpg?resize=350%2C200&ssl=1","width":350,"height":200},"classes":[]},{"id":63,"url":"https:\/\/millagumruk.com\/tr\/kvkk\/","url_meta":{"origin":475,"position":4},"title":"KVKK","date":"12 Nisan 2022","format":false,"excerpt":"Ki\u015fisel Verilerin Korunmas\u0131 ve \u0130\u015flenmesi Politikas\u0131 Politika\u2019n\u0131n Amac\u0131 ve Kapsam\u0131 \u0130\u015fbu Ki\u015fisel Verilerin Korunmas\u0131 ve \u0130\u015flenmesi Politikas\u0131 (\u201cPolitika\u201d), Milla G\u00fcmr\u00fck M\u00fc\u015favirli\u011fi Ltd. \u015eti, Milla international Lojistik A\u015e, (\u201cMilla Grup\u201d veya \u201c\u015eirket\u201d) operasyonlar\u0131 kapsam\u0131nda ger\u00e7ekle\u015ftirdi\u011fi ki\u015fisel veri i\u015fleme faaliyetleri ve bu faaliyetler kapsam\u0131nda temel ald\u0131\u011f\u0131 kurallar ve prensipler b\u00fct\u00fcn\u00fc hakk\u0131nda bilgi\u2026","rel":"","context":"Benzer yaz\u0131","img":{"alt_text":"","src":"https:\/\/i0.wp.com\/millagumruk.com\/tr\/wp-content\/uploads\/2022\/05\/kvkk-yenilogo-610x380-1.png?resize=350%2C200&ssl=1","width":350,"height":200},"classes":[]},{"id":260,"url":"https:\/\/millagumruk.com\/tr\/musteri-paneli-ve-gerekli-mevzuatlar\/","url_meta":{"origin":475,"position":5},"title":"Online \u0130\u015flemler","date":"26 Nisan 2022","format":false,"excerpt":"Online \u0130\u015flemler Firma Dosyas\u0131 Sorgulama VEDOP Sorgulama E-Mevzuat G\u00fcmr\u00fck Kanunu \u0130thalat Y\u00f6netmeli\u011fi \u0130hracat Y\u00f6netmeli\u011fi Ka\u00e7ak\u00e7\u0131l\u0131kla M\u00fccadele Kanunu Serbest B\u00f6lge Kanunu","rel":"","context":"Benzer yaz\u0131","img":{"alt_text":"","src":"https:\/\/i0.wp.com\/millagumruk.com\/tr\/wp-content\/uploads\/2022\/04\/teknoloji-neden-onemlidir-nasil-kullanilmali-fotograflar-5-gelgez-700x420-1.jpg?resize=350%2C200&ssl=1","width":350,"height":200},"classes":[]}],"_links":{"self":[{"href":"https:\/\/millagumruk.com\/tr\/wp-json\/wp\/v2\/pages\/475","targetHints":{"allow":["GET"]}}],"collection":[{"href":"https:\/\/millagumruk.com\/tr\/wp-json\/wp\/v2\/pages"}],"about":[{"href":"https:\/\/millagumruk.com\/tr\/wp-json\/wp\/v2\/types\/page"}],"author":[{"embeddable":true,"href":"https:\/\/millagumruk.com\/tr\/wp-json\/wp\/v2\/users\/1"}],"replies":[{"embeddable":true,"href":"https:\/\/millagumruk.com\/tr\/wp-json\/wp\/v2\/comments?post=475"}],"version-history":[{"count":3,"href":"https:\/\/millagumruk.com\/tr\/wp-json\/wp\/v2\/pages\/475\/revisions"}],"predecessor-version":[{"id":624,"href":"https:\/\/millagumruk.com\/tr\/wp-json\/wp\/v2\/pages\/475\/revisions\/624"}],"wp:attachment":[{"href":"https:\/\/millagumruk.com\/tr\/wp-json\/wp\/v2\/media?parent=475"}],"curies":[{"name":"wp","href":"https:\/\/api.w.org\/{rel}","templated":true}]}}