{"id":53,"date":"2022-04-12T11:32:47","date_gmt":"2022-04-12T11:32:47","guid":{"rendered":"https:\/\/millagumruk.com\/tr\/?page_id=53"},"modified":"2022-04-29T13:13:59","modified_gmt":"2022-04-29T13:13:59","slug":"hakkimizda","status":"publish","type":"page","link":"https:\/\/millagumruk.com\/tr\/hakkimizda\/","title":{"rendered":"Hakk\u0131m\u0131zda"},"content":{"rendered":"<div style=\"margin-top: 0px; margin-bottom: 0px;\" class=\"sharethis-inline-follow-buttons\" ><\/div>\n<figure class=\"wp-block-image size-large is-resized is-style-rounded\"><img loading=\"lazy\" decoding=\"async\" src=\"https:\/\/i0.wp.com\/millagumruk.com\/tr\/wp-content\/uploads\/2022\/04\/hakkimizda.jpg?resize=640%2C191&#038;ssl=1\" alt=\"\" class=\"wp-image-356\" width=\"640\" height=\"191\" srcset=\"https:\/\/i0.wp.com\/millagumruk.com\/tr\/wp-content\/uploads\/2022\/04\/hakkimizda.jpg?resize=1024%2C307&amp;ssl=1 1024w, https:\/\/i0.wp.com\/millagumruk.com\/tr\/wp-content\/uploads\/2022\/04\/hakkimizda.jpg?resize=300%2C90&amp;ssl=1 300w, https:\/\/i0.wp.com\/millagumruk.com\/tr\/wp-content\/uploads\/2022\/04\/hakkimizda.jpg?resize=768%2C230&amp;ssl=1 768w, https:\/\/i0.wp.com\/millagumruk.com\/tr\/wp-content\/uploads\/2022\/04\/hakkimizda.jpg?w=1169&amp;ssl=1 1169w\" sizes=\"auto, (max-width: 640px) 100vw, 640px\" data-recalc-dims=\"1\" \/><\/figure>\n\n\n\n<hr class=\"wp-block-separator\"\/>\n\n\n\n<h1 class=\"wp-block-heading\">Hakk\u0131m\u0131zda<\/h1>\n\n\n\n<p>M\u0130LLAG\u00dcMR\u00dcK A.\u015e ,b\u00fcnyesinde \u00e7al\u0131\u015ft\u0131rd\u0131\u011f\u0131 dinamik, deneyimli, bilgili ve tecr\u00fcbeli G\u00fcmr\u00fck M\u00fc\u015faviri, M\u00fc\u015favir Yard\u0131mc\u0131lar\u0131, stajyer personelleri ile, g\u00fc\u00e7l\u00fc teknolojik yat\u0131r\u0131mlar\u0131n\u0131 tamamlam\u0131\u015f inovasyona a\u00e7\u0131k bir \u015fekilde yenilikleri takip ederek otomasyon alt yap\u0131s\u0131n\u0131 g\u00fc\u00e7lendirmi\u015ftir.<\/p>\n\n\n\n<p>\u0130stanbul Merkezli g\u00fcmr\u00fck idarelerinde \u015fube ve irtibat ofisleri kanal\u0131 ile her t\u00fcrl\u00fc g\u00fcmr\u00fck i\u015flemlerini y\u00fcr\u00fctmektedir. \u0130\u015flemlerini y\u00fcr\u00fctt\u00fc\u011f\u00fcm\u00fcz firmalar\u0131m\u0131za Kara, Deniz, Hava, Demiryolu ta\u015f\u0131mac\u0131l\u0131\u011f\u0131nda avantajl\u0131 ve alternatif navlun fiyat se\u00e7enekleri ile lojistik deste\u011fi de vermektedir.<\/p>\n\n\n\n<p>G\u00fcmr\u00fckleme ve D\u0131\u015f Ticaret i\u015flemlerinin t\u00fcm a\u015famalar\u0131nda yerli ve yabanc\u0131 sanayici, imalat\u00e7\u0131, ithalat\u00e7\u0131 ve ihracat\u00e7\u0131 i\u015fletmelerimize, Kamu ve \u00d6zel kurulu\u015flar\u0131m\u0131za, m\u00fc\u015fteri memnuniyeti ve sonu\u00e7 odakl\u0131 \u00e7al\u0131\u015fmalar dahilinde kendilerine verilen \u015fifre kanal\u0131 ile m\u00fc\u015fterilerimizin cari hesap hareketleri dahil, kendi bilgi, belge, sair dok\u00fcmanlar\u0131 ile i\u015flemlerinin her safhan\u0131n uzaktan, izleme ve eri\u015fme imkan\u0131 vermektedir.<\/p>\n\n\n\n<p>Yapt\u0131\u011f\u0131, i\u015f ve i\u015flemlerde G\u00fcmr\u00fck M\u00fc\u015favirli\u011fi sekt\u00f6r\u00fcnde \u201cen iyiye ula\u015fma yolunda\u201d s\u00fcrekli ara\u015ft\u0131rmalar yapan en iyi mevzuat bilgi kanallar\u0131n\u0131 kullanan firmalara yeni kurumsal k\u00fcm\u00fclatifte fayda sa\u011flayan \u00e7\u00f6z\u00fcmler \u00fcreten, M\u0130LLAG\u00dcMR\u00dcK A.\u015e .mevzuat\u0131n \u00f6n g\u00f6rd\u00fc\u011f\u00fc, hukuki zorluklar\u0131n ve formalitelerin tamam\u0131n\u0131, en k\u0131sa s\u00fcre ve zamanda do\u011fru bir \u015fekilde yerine getiren tak\u0131m ruhu \u00e7er\u00e7evesinde ilkeli, prensipli \u00f6nceden, belirlenen ve mutabakat sa\u011flanan hususlar dahilinde \u00e7al\u0131\u015fma y\u00fcr\u00fcten, firma ticari gizliliklerini de korumadaki hassasiyeti ile m\u00fc\u015fterilerinin memnuniyetini ve g\u00fcvenini kazanm\u0131\u015ft\u0131r.<\/p>\n<div style=\"margin-top: 0px; margin-bottom: 0px;\" class=\"sharethis-inline-follow-buttons\" ><\/div>","protected":false},"excerpt":{"rendered":"<p>Hakk\u0131m\u0131zda M\u0130LLAG\u00dcMR\u00dcK A.\u015e ,b\u00fcnyesinde \u00e7al\u0131\u015ft\u0131rd\u0131\u011f\u0131 dinamik, deneyimli, bilgili ve tecr\u00fcbeli G\u00fcmr\u00fck M\u00fc\u015faviri, M\u00fc\u015favir Yard\u0131mc\u0131lar\u0131, stajyer personelleri ile, g\u00fc\u00e7l\u00fc teknolojik yat\u0131r\u0131mlar\u0131n\u0131 tamamlam\u0131\u015f inovasyona a\u00e7\u0131k bir \u015fekilde yenilikleri takip ederek otomasyon alt yap\u0131s\u0131n\u0131 g\u00fc\u00e7lendirmi\u015ftir. \u0130stanbul Merkezli g\u00fcmr\u00fck idarelerinde \u015fube ve irtibat ofisleri kanal\u0131 ile her t\u00fcrl\u00fc g\u00fcmr\u00fck i\u015flemlerini y\u00fcr\u00fctmektedir. \u0130\u015flemlerini y\u00fcr\u00fctt\u00fc\u011f\u00fcm\u00fcz firmalar\u0131m\u0131za Kara, Deniz, Hava, Demiryolu ta\u015f\u0131mac\u0131l\u0131\u011f\u0131nda avantajl\u0131 ve alternatif navlun fiyat se\u00e7enekleri ile lojistik deste\u011fi de vermektedir. G\u00fcmr\u00fckleme ve D\u0131\u015f Ticaret i\u015flemlerinin t\u00fcm a\u015famalar\u0131nda yerli ve yabanc\u0131 sanayici, imalat\u00e7\u0131, ithalat\u00e7\u0131 ve ihracat\u00e7\u0131 i\u015fletmelerimize, Kamu ve \u00d6zel kurulu\u015flar\u0131m\u0131za, m\u00fc\u015fteri memnuniyeti ve sonu\u00e7 odakl\u0131 \u00e7al\u0131\u015fmalar dahilinde kendilerine verilen \u015fifre kanal\u0131 ile m\u00fc\u015fterilerimizin cari&hellip;<\/p>\n","protected":false},"author":1,"featured_media":0,"parent":0,"menu_order":0,"comment_status":"closed","ping_status":"closed","template":"","meta":{"footnotes":""},"class_list":["post-53","page","type-page","status-publish","hentry"],"jetpack-related-posts":[{"id":177,"url":"https:\/\/millagumruk.com\/tr\/ihracat-gumruk-islemleri\/","url_meta":{"origin":53,"position":0},"title":"\u0130hracat G\u00fcmr\u00fck \u0130\u015flemleri","date":"13 Nisan 2022","format":false,"excerpt":"\u0130hracat G\u00fcmr\u00fck \u0130\u015flemleri \u0130hracat Rejimi, serbest dola\u015f\u0131mda bulunan e\u015fyan\u0131n ihra\u00e7 amac\u0131yla T\u00fcrkiye G\u00fcmr\u00fck B\u00f6lgesi d\u0131\u015f\u0131na \u00e7\u0131k\u0131\u015f\u0131na ili\u015fkin h\u00fck\u00fcmlerin uyguland\u0131\u011f\u0131 rejimdir. E\u015fyan\u0131n t\u00fcr\u00fcne g\u00f6re ilgili ihracat\u00e7\u0131 birliklerine \u00fcyelik i\u015flemlerinin yapt\u0131r\u0131lmas\u0131, Birlik tasdikinin al\u0131nmas\u0131,E\u015fya ile ilgili G.T.\u0130.P. tespiti,Ta\u015f\u0131maya konu ara\u00e7 g\u00fcmr\u00fck i\u015flemlerinin takibi,\u0130hra\u00e7 edilecek e\u015fyan\u0131n g\u00fcmr\u00fck beyannamesinin d\u00fczenlenmesi ve operasyonun tamamlanmas\u0131,Vesaiklerin nakliye\u2026","rel":"","context":"Benzer yaz\u0131","img":{"alt_text":"","src":"https:\/\/i0.wp.com\/millagumruk.com\/tr\/wp-content\/uploads\/2022\/04\/export.jpg?resize=350%2C200&ssl=1","width":350,"height":200},"classes":[]},{"id":183,"url":"https:\/\/millagumruk.com\/tr\/antrepo-gumruk-islemleri\/","url_meta":{"origin":53,"position":1},"title":"Antrepo G\u00fcmr\u00fck \u0130\u015flemleri","date":"13 Nisan 2022","format":false,"excerpt":"G\u00fcmr\u00fckl\u00fc antrepolarda ithalat veya transit i\u015flemleri ger\u00e7ekle\u015fene kadar e\u015fyalar\u0131n\u0131z\u0131, g\u00fcmr\u00fck vergileri \u00f6denmeksizin ve bir s\u00fcre s\u0131n\u0131r\u0131 olmaks\u0131z\u0131n bekletme imkan\u0131n\u0131z bulunmaktad\u0131r. \u00dcr\u00fcnlerinizin g\u00fcvenli bir \u015fekilde depolanmas\u0131, y\u00fckleme bo\u015faltma i\u015flemlerinin uzman ekibimiz g\u00f6zetiminde yap\u0131lmas\u0131, antrepolar\u0131m\u0131zda sundu\u011fumuz ba\u015fl\u0131ca hizmetlerdir. Antrepo i\u015flemleri hizmetlerimiz \u00dcr\u00fcnlerinize y\u00fckleme ve bo\u015faltma esnas\u0131nda refakat,E\u015fyan\u0131n do\u011fru ve g\u00fcvenli bir \u015fekilde\u2026","rel":"","context":"Benzer yaz\u0131","img":{"alt_text":"","src":"https:\/\/i0.wp.com\/millagumruk.com\/tr\/wp-content\/uploads\/2022\/04\/antrepo-nedir-antrepolarin-ozellikleri-1140X361-1.jpg?resize=350%2C200&ssl=1","width":350,"height":200},"classes":[]},{"id":181,"url":"https:\/\/millagumruk.com\/tr\/transit-islemleri\/","url_meta":{"origin":53,"position":2},"title":"Transit \u0130\u015flemleri","date":"13 Nisan 2022","format":false,"excerpt":"Transit \u0130\u015flemleri Yurt d\u0131\u015f\u0131ndan gelip bir i\u00e7 g\u00fcmr\u00fc\u011fe veya tekrar yurt d\u0131\u015f\u0131na Transit Rejimi \u00e7er\u00e7evesinde sevk edilecek olan emtian\u0131n g\u00fcmr\u00fck ve limanlardaki i\u015flemleri, taraf\u0131m\u0131zdan takip edilerek sonu\u00e7land\u0131r\u0131l\u0131r. Talep do\u011frultusunda mal\u0131n G.T.\u0130.P tespitinin yap\u0131lmas\u0131,Gerekli g\u00f6r\u00fclen hallerde k\u00fc\u015fat yap\u0131lmas\u0131,Transit ve antrepo beyannamelerinin d\u00fczenlenmesi,Transit beyanlar\u0131 i\u00e7in gerekli teminatlar\u0131n tedarik edilmesi,E\u015fyan\u0131n, muayene ve tespitlerinin\u2026","rel":"","context":"Benzer yaz\u0131","img":{"alt_text":"","src":"https:\/\/i0.wp.com\/millagumruk.com\/tr\/wp-content\/uploads\/2022\/04\/hizmet_1-460x384-1.jpg?resize=350%2C200&ssl=1","width":350,"height":200},"classes":[]},{"id":179,"url":"https:\/\/millagumruk.com\/tr\/ithalat-gumruk-islemleri\/","url_meta":{"origin":53,"position":3},"title":"\u0130thalat G\u00fcmr\u00fck \u0130\u015flemleri","date":"13 Nisan 2022","format":false,"excerpt":"\u0130thalat G\u00fcmr\u00fck \u0130\u015flemleri M\u00fc\u015fterilerimizin ithalat s\u00fcre\u00e7lerini ba\u015ftan sona planlamakta, h\u0131zl\u0131, g\u00fcvenli ve sorunsuz bir \u015fekilde e\u015fyan\u0131z\u0131 teslim etmekteyiz. \u0130thalat s\u00fcre\u00e7leriniz, konusunda uzman temsilcileriniz arac\u0131l\u0131\u011f\u0131yla takip edilmektedir. \u00dcr\u00fcnlerin \u00fclkeye var\u0131\u015f\u0131ndan \u00f6nce kontrolleri yap\u0131larak, gerekli olan izinleri al\u0131nmakta, e\u015fya var\u0131\u015f\u0131na istinaden ortaya \u00e7\u0131kabilecek gecikmelerin \u00f6n\u00fcne ge\u00e7ilmektedir. Serbest Dola\u015f\u0131ma Giri\u015f, Ge\u00e7ici \u0130thalat, Dahilde\u2026","rel":"","context":"Benzer yaz\u0131","img":{"alt_text":"","src":"https:\/\/i0.wp.com\/millagumruk.com\/tr\/wp-content\/uploads\/2022\/04\/v7zqih4nbmppzoy50k4r.jpg?resize=350%2C200&ssl=1","width":350,"height":200},"classes":[]},{"id":260,"url":"https:\/\/millagumruk.com\/tr\/musteri-paneli-ve-gerekli-mevzuatlar\/","url_meta":{"origin":53,"position":4},"title":"Online \u0130\u015flemler","date":"26 Nisan 2022","format":false,"excerpt":"Online \u0130\u015flemler Firma Dosyas\u0131 Sorgulama VEDOP Sorgulama E-Mevzuat G\u00fcmr\u00fck Kanunu \u0130thalat Y\u00f6netmeli\u011fi \u0130hracat Y\u00f6netmeli\u011fi Ka\u00e7ak\u00e7\u0131l\u0131kla M\u00fccadele Kanunu Serbest B\u00f6lge Kanunu","rel":"","context":"Benzer yaz\u0131","img":{"alt_text":"","src":"https:\/\/i0.wp.com\/millagumruk.com\/tr\/wp-content\/uploads\/2022\/04\/teknoloji-neden-onemlidir-nasil-kullanilmali-fotograflar-5-gelgez-700x420-1.jpg?resize=350%2C200&ssl=1","width":350,"height":200},"classes":[]},{"id":377,"url":"https:\/\/millagumruk.com\/tr\/377-2\/","url_meta":{"origin":53,"position":5},"title":"G\u00dcMR\u00dcK MEVZUATI","date":"9 May\u0131s 2022","format":false,"excerpt":"G\u00dcMR\u00dcK MEVZUATI \" Madde 1 \u2013 Bu Kanunun amac\u0131, T\u00fcrkiye Cumhuriyeti\u00a0G\u00fcmr\u00fck\u00a0B\u00f6lgesine giren ve \u00e7\u0131kan e\u015fyaya ve ta\u015f\u0131t ara\u00e7lar\u0131na uygulanacak\u00a0g\u00fcmr\u00fck\u00a0kurallar\u0131n\u0131 belirlemektir. Madde 2 \u2013 T\u00fcrkiye Cumhuriyeti\u00a0G\u00fcmr\u00fck\u00a0B\u00f6lgesi, T\u00fcrkiye Cumhuriyeti topraklar\u0131n\u0131 kapsar. T\u00fcrkiye kara sular\u0131, i\u00e7 sular\u0131 ve hava sahas\u0131\u00a0g\u00fcmr\u00fck\u00a0b\u00f6lgesine dahildir.\"","rel":"","context":"Benzer yaz\u0131","img":{"alt_text":"","src":"https:\/\/i0.wp.com\/millagumruk.com\/tr\/wp-content\/uploads\/2022\/05\/mevzuat.jpg?resize=350%2C200&ssl=1","width":350,"height":200},"classes":[]}],"_links":{"self":[{"href":"https:\/\/millagumruk.com\/tr\/wp-json\/wp\/v2\/pages\/53","targetHints":{"allow":["GET"]}}],"collection":[{"href":"https:\/\/millagumruk.com\/tr\/wp-json\/wp\/v2\/pages"}],"about":[{"href":"https:\/\/millagumruk.com\/tr\/wp-json\/wp\/v2\/types\/page"}],"author":[{"embeddable":true,"href":"https:\/\/millagumruk.com\/tr\/wp-json\/wp\/v2\/users\/1"}],"replies":[{"embeddable":true,"href":"https:\/\/millagumruk.com\/tr\/wp-json\/wp\/v2\/comments?post=53"}],"version-history":[{"count":4,"href":"https:\/\/millagumruk.com\/tr\/wp-json\/wp\/v2\/pages\/53\/revisions"}],"predecessor-version":[{"id":359,"href":"https:\/\/millagumruk.com\/tr\/wp-json\/wp\/v2\/pages\/53\/revisions\/359"}],"wp:attachment":[{"href":"https:\/\/millagumruk.com\/tr\/wp-json\/wp\/v2\/media?parent=53"}],"curies":[{"name":"wp","href":"https:\/\/api.w.org\/{rel}","templated":true}]}}