{"id":55,"date":"2022-04-12T11:33:30","date_gmt":"2022-04-12T11:33:30","guid":{"rendered":"https:\/\/millagumruk.com\/tr\/?page_id=55"},"modified":"2022-05-09T01:03:14","modified_gmt":"2022-05-09T01:03:14","slug":"vizyon-misyon","status":"publish","type":"page","link":"https:\/\/millagumruk.com\/tr\/vizyon-misyon\/","title":{"rendered":"Vizyon &#038; Misyon"},"content":{"rendered":"<div style=\"margin-top: 0px; margin-bottom: 0px;\" class=\"sharethis-inline-follow-buttons\" ><\/div>\n<div class=\"wp-block-columns is-layout-flex wp-container-core-columns-is-layout-9d6595d7 wp-block-columns-is-layout-flex\">\n<div class=\"wp-block-column is-layout-flow wp-block-column-is-layout-flow\">\n<figure class=\"wp-block-image is-style-rounded\"><img loading=\"lazy\" decoding=\"async\" width=\"400\" height=\"268\" src=\"https:\/\/i0.wp.com\/millagumruk.com\/tr\/wp-content\/uploads\/2022\/04\/misyon_vizyon-400x268-2.jpg?resize=400%2C268&#038;ssl=1\" alt=\"\" class=\"wp-image-362\" srcset=\"https:\/\/i0.wp.com\/millagumruk.com\/tr\/wp-content\/uploads\/2022\/04\/misyon_vizyon-400x268-2.jpg?w=400&amp;ssl=1 400w, https:\/\/i0.wp.com\/millagumruk.com\/tr\/wp-content\/uploads\/2022\/04\/misyon_vizyon-400x268-2.jpg?resize=300%2C201&amp;ssl=1 300w\" sizes=\"auto, (max-width: 400px) 100vw, 400px\" data-recalc-dims=\"1\" \/><\/figure>\n<\/div>\n\n\n\n<div class=\"wp-block-column is-layout-flow wp-block-column-is-layout-flow\">\n<figure class=\"wp-block-image size-full is-resized is-style-rounded\"><img loading=\"lazy\" decoding=\"async\" src=\"https:\/\/i0.wp.com\/millagumruk.com\/tr\/wp-content\/uploads\/2022\/04\/650x344-misyon-ve-vizyon-arasindaki-fark-nedir-1486279908484.png?resize=506%2C267&#038;ssl=1\" alt=\"\" class=\"wp-image-364\" width=\"506\" height=\"267\" srcset=\"https:\/\/i0.wp.com\/millagumruk.com\/tr\/wp-content\/uploads\/2022\/04\/650x344-misyon-ve-vizyon-arasindaki-fark-nedir-1486279908484.png?w=650&amp;ssl=1 650w, https:\/\/i0.wp.com\/millagumruk.com\/tr\/wp-content\/uploads\/2022\/04\/650x344-misyon-ve-vizyon-arasindaki-fark-nedir-1486279908484.png?resize=300%2C159&amp;ssl=1 300w\" sizes=\"auto, (max-width: 506px) 100vw, 506px\" data-recalc-dims=\"1\" \/><\/figure>\n<\/div>\n<\/div>\n\n\n\n<hr class=\"wp-block-separator\"\/>\n\n\n\n<h1 class=\"wp-block-heading\">Vizyonumuz<\/h1>\n\n\n\n<p>Milla G\u00fcmr\u00fck A.\u015e hizmet verdi\u011fi \u00e7\u00f6z\u00fcm ortaklar\u0131na modern, h\u0131zl\u0131 ve ekonomik hizmetlerimizle her t\u00fcrl\u00fc ticaret i\u015flemlerinizi deneyimli kadromuz ile \u00e7\u00f6z\u00fcme kavu\u015fturarak sekt\u00f6r\u00fcnde global bir g\u00fc\u00e7 olmay\u0131 kendisine hedef edinmi\u015ftir.<\/p>\n\n\n\n<h1 class=\"wp-block-heading\">Misyonumuz<\/h1>\n\n\n\n<p>Konusunda uzman, gen\u00e7, dinamik tak\u0131m arkada\u015flar\u0131m\u0131z ve \u00e7\u00f6z\u00fcm ortaklar\u0131m\u0131zla beraber, birer \u00e7al\u0131\u015fma partneri olarak g\u00f6rd\u00fc\u011f\u00fcm\u00fcz firmalar\u0131m\u0131za istikrarl\u0131, d\u00fczenli, \u00f6zverili bir \u015fekilde hizmet vermektir.<\/p>\n<div style=\"margin-top: 0px; margin-bottom: 0px;\" class=\"sharethis-inline-follow-buttons\" ><\/div>","protected":false},"excerpt":{"rendered":"<p>Vizyonumuz Milla G\u00fcmr\u00fck A.\u015e hizmet verdi\u011fi \u00e7\u00f6z\u00fcm ortaklar\u0131na modern, h\u0131zl\u0131 ve ekonomik hizmetlerimizle her t\u00fcrl\u00fc ticaret i\u015flemlerinizi deneyimli kadromuz ile \u00e7\u00f6z\u00fcme kavu\u015fturarak sekt\u00f6r\u00fcnde global bir g\u00fc\u00e7 olmay\u0131 kendisine hedef edinmi\u015ftir. Misyonumuz Konusunda uzman, gen\u00e7, dinamik tak\u0131m arkada\u015flar\u0131m\u0131z ve \u00e7\u00f6z\u00fcm ortaklar\u0131m\u0131zla beraber, birer \u00e7al\u0131\u015fma partneri olarak g\u00f6rd\u00fc\u011f\u00fcm\u00fcz firmalar\u0131m\u0131za istikrarl\u0131, d\u00fczenli, \u00f6zverili bir \u015fekilde hizmet vermektir.<\/p>\n","protected":false},"author":1,"featured_media":0,"parent":0,"menu_order":0,"comment_status":"closed","ping_status":"closed","template":"","meta":{"footnotes":""},"class_list":["post-55","page","type-page","status-publish","hentry"],"jetpack-related-posts":[],"_links":{"self":[{"href":"https:\/\/millagumruk.com\/tr\/wp-json\/wp\/v2\/pages\/55","targetHints":{"allow":["GET"]}}],"collection":[{"href":"https:\/\/millagumruk.com\/tr\/wp-json\/wp\/v2\/pages"}],"about":[{"href":"https:\/\/millagumruk.com\/tr\/wp-json\/wp\/v2\/types\/page"}],"author":[{"embeddable":true,"href":"https:\/\/millagumruk.com\/tr\/wp-json\/wp\/v2\/users\/1"}],"replies":[{"embeddable":true,"href":"https:\/\/millagumruk.com\/tr\/wp-json\/wp\/v2\/comments?post=55"}],"version-history":[{"count":3,"href":"https:\/\/millagumruk.com\/tr\/wp-json\/wp\/v2\/pages\/55\/revisions"}],"predecessor-version":[{"id":366,"href":"https:\/\/millagumruk.com\/tr\/wp-json\/wp\/v2\/pages\/55\/revisions\/366"}],"wp:attachment":[{"href":"https:\/\/millagumruk.com\/tr\/wp-json\/wp\/v2\/media?parent=55"}],"curies":[{"name":"wp","href":"https:\/\/api.w.org\/{rel}","templated":true}]}}